{"id":7037,"date":"2021-05-07T18:28:06","date_gmt":"2021-05-07T18:28:06","guid":{"rendered":"https:\/\/thorsten.qodeinteractive.com\/?page_id=7037"},"modified":"2022-04-13T00:13:04","modified_gmt":"2022-04-13T00:13:04","slug":"our-services","status":"publish","type":"page","link":"https:\/\/proskillsglobal.com\/es\/our-services\/","title":{"rendered":"Nuestros servicios"},"content":{"rendered":"<div data-elementor-type=\"wp-page\" data-elementor-id=\"7037\" class=\"elementor elementor-7037\">\n\t\t\t\t\t\t\t\t\t<section class=\"elementor-section elementor-top-section elementor-element elementor-element-1593037 qodef-elementor-content-grid elementor-section-boxed elementor-section-height-default elementor-section-height-default\" data-id=\"1593037\" data-element_type=\"section\">\n\t\t\t\t\t\t<div class=\"elementor-container elementor-column-gap-default\">\n\t\t\t\t\t<div class=\"elementor-column elementor-col-50 elementor-top-column elementor-element elementor-element-c3ebc91\" data-id=\"c3ebc91\" data-element_type=\"column\">\n\t\t\t<div class=\"elementor-widget-wrap elementor-element-populated\">\n\t\t\t\t\t\t\t\t<div class=\"elementor-element elementor-element-0753b1a elementor-widget__width-initial elementor-widget-tablet__width-inherit elementor-widget elementor-widget-thorsten_core_section_title\" data-id=\"0753b1a\" data-element_type=\"widget\" data-widget_type=\"thorsten_core_section_title.default\">\n\t\t\t\t<div class=\"elementor-widget-container\">\n\t\t\t<div class=\"qodef-shortcode qodef-m  qodef-section-title qodef-alignment--left   qodef-st-appear-animation--no\">\n\t\t<div class=\"qodef-m-tagline\" >\n\t\t\t\t\t<span class=\"qodef-m-separator\"><\/span>\n\t\t\t\t<p>habilidades profesionales<\/p>\n\t<\/div>\n\t\t<h2 class=\"qodef-m-title\" >\n\t\t\t\t\tSERVICIOS\t\t\t<\/h2>\n\t\t<p class=\"qodef-m-text\" style=\"margin-top: 20px\">Considerado el proveedor de capacitaci\u00f3n con m\u00e1s recursos, ProSkills brinda a los socios de nivel 1 y de Oracle consultores y capacitadores de alta calidad para la gama completa de cursos t\u00e9cnicos avanzados que necesitan. Acreditados por Oracle y otros proveedores, todos nuestros formadores tienen una amplia experiencia y formaci\u00f3n t\u00e9cnica. Con los calibres m\u00e1s calificados del mundo, ProSkills es el socio de capacitaci\u00f3n preferido de las principales organizaciones del mundo. <\/p>\n<\/div>\n\t\t<\/div>\n\t\t\t\t<\/div>\n\t\t\t\t<div class=\"elementor-element elementor-element-33f237e elementor-widget elementor-widget-thorsten_core_button\" data-id=\"33f237e\" data-element_type=\"widget\" data-widget_type=\"thorsten_core_button.default\">\n\t\t\t\t<div class=\"elementor-widget-container\">\n\t\t\t<a class=\"qodef-shortcode qodef-m  qodef-button qodef-layout--filled qodef-size--small qodef-html--link qodef--with-icon\" href=\"https:\/\/proskillsglobal.com\/en\/courses-5\/\" target=\"_self\"  >\n\t<span class=\"qodef-m-text\">Ver m\u00e1s<\/span>\n\t\t\t<svg class=\"qodef-m-button-icon\" x=\"0px\" y=\"0px\" viewbox=\"0 0 1015 771\" xml:space=\"preserve\"><polygon points=\"34.5,307.5 684.2,307.5 513,136.4 629,20.4 882.1,273.5 998.1,389.5 882.1,505.5 629,758.6 513,642.7 684.2,471.5 34.5,471.5 \"><\/polygon><\/svg>\t<\/a>\n\t\t<\/div>\n\t\t\t\t<\/div>\n\t\t\t\t\t<\/div>\n\t\t<\/div>\n\t\t\t\t<div class=\"elementor-column elementor-col-50 elementor-top-column elementor-element elementor-element-b8b1631\" data-id=\"b8b1631\" data-element_type=\"column\">\n\t\t\t<div class=\"elementor-widget-wrap elementor-element-populated\">\n\t\t\t\t\t\t\t\t<section class=\"elementor-section elementor-inner-section elementor-element elementor-element-21c5715 elementor-section-full_width elementor-section-height-default elementor-section-height-default qodef-elementor-content-no\" data-id=\"21c5715\" data-element_type=\"section\">\n\t\t\t\t\t\t<div class=\"elementor-container elementor-column-gap-default\">\n\t\t\t\t\t<div class=\"elementor-column elementor-col-50 elementor-inner-column elementor-element elementor-element-8f98d02\" data-id=\"8f98d02\" data-element_type=\"column\">\n\t\t\t<div class=\"elementor-widget-wrap elementor-element-populated\">\n\t\t\t\t\t\t\t\t<div class=\"elementor-element elementor-element-f677f25 elementor-widget elementor-widget-thorsten_core_info_section\" data-id=\"f677f25\" data-element_type=\"widget\" data-widget_type=\"thorsten_core_info_section.default\">\n\t\t\t\t<div class=\"elementor-widget-container\">\n\t\t\t<div class=\"qodef-shortcode qodef-m  qodef-info-section qodef-layout--background-text  qodef-background-text-pos--top-left\">\n\t<div class=\"qodef-m-background-text\">\n\t\t\t<\/div>\n\t<div class=\"qodef-m-info\">\n\t\t\t<h4 class=\"qodef-m-title\" style=\"color: #223E5E\">\n\t\tEntrenadores<br \/> &amp; Consultores\t<\/h4>\n\t\t\t<p class=\"qodef-m-text\" style=\"color: #223E5E;margin-top: 50px\"> ProSkills se enorgullece de albergar a los consultores t\u00e9cnicos y de negocios m\u00e1s calificados y certificados con amplios conocimientos y suficiente pr\u00e1ctica...<\/p>\n\t\t\t<div class=\"qodef-m-button\">\n\t\t<a class=\"qodef-shortcode qodef-m  qodef-button qodef-layout--filled  qodef-html--link qodef--with-icon\" href=\"https:\/\/proskillsglobal.com\/en\/trainers-&#038;-consultants\" target=\"_blank\"  >\t<span class=\"qodef-m-text\">\u00a1Ver m\u00e1s!<\/span>\t\t\t<svg class=\"qodef-m-button-icon\" x=\"0px\" y=\"0px\" viewbox=\"0 0 1015 771\" xml:space=\"preserve\"><polygon points=\"34.5,307.5 684.2,307.5 513,136.4 629,20.4 882.1,273.5 998.1,389.5 882.1,505.5 629,758.6 513,642.7 684.2,471.5 34.5,471.5 \"><\/polygon><\/svg>\t<\/a>\t<\/div>\n\t<\/div>\n<\/div>\n\t\t<\/div>\n\t\t\t\t<\/div>\n\t\t\t\t<div class=\"elementor-element elementor-element-50259ff elementor-widget elementor-widget-thorsten_core_info_section\" data-id=\"50259ff\" data-element_type=\"widget\" data-widget_type=\"thorsten_core_info_section.default\">\n\t\t\t\t<div class=\"elementor-widget-container\">\n\t\t\t<div class=\"qodef-shortcode qodef-m  qodef-info-section qodef-layout--background-text  qodef-background-text-pos--top-left\">\n\t<div class=\"qodef-m-background-text\">\n\t\t\t<\/div>\n\t<div class=\"qodef-m-info\">\n\t\t\t<h4 class=\"qodef-m-title\" style=\"color: #223E5E\">\n\t\tTecnolog\u00eda<br \/> Talleres de trabajo\t<\/h4>\n\t\t\t<p class=\"qodef-m-text\" style=\"color: #223E5E;margin-top: 50px\">\u00a1Estos est\u00e1n dise\u00f1ados especialmente para ti! Nuestros talleres de bootcamp son programas de capacitaci\u00f3n intensivos personalizados que est\u00e1n hechos a la medida para satisfacer sus necesidades espec\u00edficas.<\/p>\n\t\t\t<div class=\"qodef-m-button\">\n\t\t<a class=\"qodef-shortcode qodef-m  qodef-button qodef-layout--filled  qodef-html--link qodef--with-icon\" href=\"https:\/\/proskillsglobal.com\/technology-workshops\" target=\"_blank\"  >\t<span class=\"qodef-m-text\">\u00a1Ver m\u00e1s!<\/span>\t\t\t<svg class=\"qodef-m-button-icon\" x=\"0px\" y=\"0px\" viewbox=\"0 0 1015 771\" xml:space=\"preserve\"><polygon points=\"34.5,307.5 684.2,307.5 513,136.4 629,20.4 882.1,273.5 998.1,389.5 882.1,505.5 629,758.6 513,642.7 684.2,471.5 34.5,471.5 \"><\/polygon><\/svg>\t<\/a>\t<\/div>\n\t<\/div>\n<\/div>\n\t\t<\/div>\n\t\t\t\t<\/div>\n\t\t\t\t\t<\/div>\n\t\t<\/div>\n\t\t\t\t<div class=\"elementor-column elementor-col-50 elementor-inner-column elementor-element elementor-element-42ecd5c\" data-id=\"42ecd5c\" data-element_type=\"column\">\n\t\t\t<div class=\"elementor-widget-wrap elementor-element-populated\">\n\t\t\t\t\t\t\t\t<div class=\"elementor-element elementor-element-6b116fb elementor-widget elementor-widget-thorsten_core_info_section\" data-id=\"6b116fb\" data-element_type=\"widget\" data-widget_type=\"thorsten_core_info_section.default\">\n\t\t\t\t<div class=\"elementor-widget-container\">\n\t\t\t<div class=\"qodef-shortcode qodef-m  qodef-info-section qodef-layout--background-text  qodef-background-text-pos--top-left\">\n\t<div class=\"qodef-m-background-text\">\n\t\t\t<\/div>\n\t<div class=\"qodef-m-info\">\n\t\t\t<h4 class=\"qodef-m-title\" style=\"color: #223E5E\">\n\t\tProveedor<br \/> Cursos est\u00e1ndar\t<\/h4>\n\t\t\t<p class=\"qodef-m-text\" style=\"color: #223E5E;margin-top: 50px\">Nuestra lista de cursos incluye cursos de formato est\u00e1ndar de los principales proveedores de tecnolog\u00eda como Oracle, Redhat, VMware, IBM, Microsoft, CompTIA, etc...<\/p>\n\t\t\t<div class=\"qodef-m-button\">\n\t\t<a class=\"qodef-shortcode qodef-m  qodef-button qodef-layout--filled  qodef-html--link qodef--with-icon\" href=\"https:\/\/proskillsglobal.com\/en\/vendor-standard-courses\/\" target=\"_blank\"  >\t<span class=\"qodef-m-text\">\u00a1Ver m\u00e1s!<\/span>\t\t\t<svg class=\"qodef-m-button-icon\" x=\"0px\" y=\"0px\" viewbox=\"0 0 1015 771\" xml:space=\"preserve\"><polygon points=\"34.5,307.5 684.2,307.5 513,136.4 629,20.4 882.1,273.5 998.1,389.5 882.1,505.5 629,758.6 513,642.7 684.2,471.5 34.5,471.5 \"><\/polygon><\/svg>\t<\/a>\t<\/div>\n\t<\/div>\n<\/div>\n\t\t<\/div>\n\t\t\t\t<\/div>\n\t\t\t\t<div class=\"elementor-element elementor-element-515c5ef elementor-widget elementor-widget-thorsten_core_info_section\" data-id=\"515c5ef\" data-element_type=\"widget\" data-widget_type=\"thorsten_core_info_section.default\">\n\t\t\t\t<div class=\"elementor-widget-container\">\n\t\t\t<div class=\"qodef-shortcode qodef-m  qodef-info-section qodef-layout--background-text qodef-title-break--disabled qodef-background-text-pos--top-left\">\n\t<div class=\"qodef-m-background-text\">\n\t\t\t<\/div>\n\t<div class=\"qodef-m-info\">\n\t\t\t<h4 class=\"qodef-m-title\" style=\"color: #223E5E\">\n\t\tUsuario<br \/> Servicio de adopci\u00f3n\t<\/h4>\n\t\t\t<p class=\"qodef-m-text\" style=\"color: #223E5E;margin-top: 50px\">Dirigido a los usuarios de aplicaciones que no son de TI para mejorar su productividad y rendimiento; al mismo tiempo, aumenta la utilizaci\u00f3n de la aplicaci\u00f3n, por lo tanto...<\/p>\n\t\t\t<div class=\"qodef-m-button\">\n\t\t<a class=\"qodef-shortcode qodef-m  qodef-button qodef-layout--filled  qodef-html--link qodef--with-icon\" href=\"https:\/\/proskillsglobal.com\/en\/user-adoption-service\/\" target=\"_blank\"  >\t<span class=\"qodef-m-text\">\u00a1Ver m\u00e1s!<\/span>\t\t\t<svg class=\"qodef-m-button-icon\" x=\"0px\" y=\"0px\" viewbox=\"0 0 1015 771\" xml:space=\"preserve\"><polygon points=\"34.5,307.5 684.2,307.5 513,136.4 629,20.4 882.1,273.5 998.1,389.5 882.1,505.5 629,758.6 513,642.7 684.2,471.5 34.5,471.5 \"><\/polygon><\/svg>\t<\/a>\t<\/div>\n\t<\/div>\n<\/div>\n\t\t<\/div>\n\t\t\t\t<\/div>\n\t\t\t\t\t<\/div>\n\t\t<\/div>\n\t\t\t\t\t\t\t<\/div>\n\t\t<\/section>\n\t\t\t\t\t<\/div>\n\t\t<\/div>\n\t\t\t\t\t\t\t<\/div>\n\t\t<\/section>\n\t\t\t\t<section class=\"elementor-section elementor-top-section elementor-element elementor-element-ba2c14f elementor-section-full_width elementor-section-height-min-height elementor-section-height-default elementor-section-items-middle qodef-elementor-content-no\" data-id=\"ba2c14f\" data-element_type=\"section\">\n\t\t\t\t\t\t<div class=\"elementor-container elementor-column-gap-no\">\n\t\t\t\t\t<div class=\"elementor-column elementor-col-100 elementor-top-column elementor-element elementor-element-11b56c6\" data-id=\"11b56c6\" data-element_type=\"column\">\n\t\t\t<div class=\"elementor-widget-wrap\">\n\t\t\t\t\t\t\t\t\t<\/div>\n\t\t<\/div>\n\t\t\t\t\t\t\t<\/div>\n\t\t<\/section>\n\t\t\t\t<section class=\"elementor-section elementor-top-section elementor-element elementor-element-bb21717 qodef-elementor-content-grid elementor-hidden-desktop elementor-hidden-tablet elementor-hidden-mobile elementor-section-boxed elementor-section-height-default elementor-section-height-default\" data-id=\"bb21717\" data-element_type=\"section\">\n\t\t\t\t\t\t<div class=\"elementor-container elementor-column-gap-default\">\n\t\t\t\t\t<div class=\"elementor-column elementor-col-50 elementor-top-column elementor-element elementor-element-8b3fe42\" data-id=\"8b3fe42\" data-element_type=\"column\">\n\t\t\t<div class=\"elementor-widget-wrap elementor-element-populated\">\n\t\t\t\t\t\t\t\t<div class=\"elementor-element elementor-element-1e00aa5 elementor-widget__width-initial elementor-widget-tablet__width-inherit elementor-widget elementor-widget-thorsten_core_section_title\" data-id=\"1e00aa5\" data-element_type=\"widget\" data-widget_type=\"thorsten_core_section_title.default\">\n\t\t\t\t<div class=\"elementor-widget-container\">\n\t\t\t<div class=\"qodef-shortcode qodef-m  qodef-section-title qodef-alignment--left   qodef-st-appear-animation--no\">\n\t\t<div class=\"qodef-m-tagline\" >\n\t\t\t\t\t<span class=\"qodef-m-separator\"><\/span>\n\t\t\t\t<p>habilidades profesionales<\/p>\n\t<\/div>\n\t\t<h2 class=\"qodef-m-title\" >\n\t\t\t\t\tResponsabilidad Social Corporativa (RSC):\t\t\t<\/h2>\n\t\t<p class=\"qodef-m-text\" >Por nuestra responsabilidad con la comunidad, nos asociamos con entidades gubernamentales y privadas para brindarles becas de educaci\u00f3n t\u00e9cnica. Ofrecemos nuestros cursos t\u00e9cnicos competentes por un equipo profesional de mentores \u00fatiles y consultores expertos. Como otra iniciativa, presentamos a los acad\u00e9micos y aprendices destacados en nuestra amplia red de empresas y negocios y los acercamos un paso m\u00e1s al mercado laboral. Buscamos pasant\u00edas u oportunidades laborales fruct\u00edferas y eficientes para los mejores becarios. Como valoramos la propagaci\u00f3n del conocimiento y el aprovechamiento de las capacidades, brindamos este servicio de forma totalmente gratuita. Desde la tutor\u00eda y la tutor\u00eda hasta la recomendaci\u00f3n de calibres altamente calificados, estamos comprometidos a ayudar a la juventud ambiciosa de la regi\u00f3n y perseguir nuestra visi\u00f3n a largo plazo para difundir el conocimiento t\u00e9cnico y forjar la transformaci\u00f3n digital en toda la regi\u00f3n.<\/p>\n<\/div>\n\t\t<\/div>\n\t\t\t\t<\/div>\n\t\t\t\t<div class=\"elementor-element elementor-element-679f2d4 elementor-widget elementor-widget-thorsten_core_button\" data-id=\"679f2d4\" data-element_type=\"widget\" data-widget_type=\"thorsten_core_button.default\">\n\t\t\t\t<div class=\"elementor-widget-container\">\n\t\t\t<a class=\"qodef-shortcode qodef-m  qodef-button qodef-layout--filled qodef-size--small qodef-html--link qodef--with-icon\" href=\"https:\/\/proskillsglobal.com\/en\/courses-5\/\" target=\"_self\"  >\n\t<span class=\"qodef-m-text\">Ver m\u00e1s<\/span>\n\t\t\t<svg class=\"qodef-m-button-icon\" x=\"0px\" y=\"0px\" viewbox=\"0 0 1015 771\" xml:space=\"preserve\"><polygon points=\"34.5,307.5 684.2,307.5 513,136.4 629,20.4 882.1,273.5 998.1,389.5 882.1,505.5 629,758.6 513,642.7 684.2,471.5 34.5,471.5 \"><\/polygon><\/svg>\t<\/a>\n\t\t<\/div>\n\t\t\t\t<\/div>\n\t\t\t\t\t<\/div>\n\t\t<\/div>\n\t\t\t\t<div class=\"elementor-column elementor-col-50 elementor-top-column elementor-element elementor-element-8724aa2\" data-id=\"8724aa2\" data-element_type=\"column\">\n\t\t\t<div class=\"elementor-widget-wrap elementor-element-populated\">\n\t\t\t\t\t\t\t\t<section class=\"elementor-section elementor-inner-section elementor-element elementor-element-d020e29 elementor-section-full_width elementor-section-height-default elementor-section-height-default qodef-elementor-content-no\" data-id=\"d020e29\" data-element_type=\"section\">\n\t\t\t\t\t\t<div class=\"elementor-container elementor-column-gap-default\">\n\t\t\t\t\t<div class=\"elementor-column elementor-col-50 elementor-inner-column elementor-element elementor-element-b592bfc\" data-id=\"b592bfc\" data-element_type=\"column\">\n\t\t\t<div class=\"elementor-widget-wrap elementor-element-populated\">\n\t\t\t\t\t\t\t\t<div class=\"elementor-element elementor-element-68cba21 elementor-widget elementor-widget-thorsten_core_icon_with_text\" data-id=\"68cba21\" data-element_type=\"widget\" data-widget_type=\"thorsten_core_icon_with_text.default\">\n\t\t\t\t<div class=\"elementor-widget-container\">\n\t\t\t<div class=\"qodef-shortcode qodef-m  qodef-icon-with-text qodef-layout--top qodef--svg-icon qodef-alignment--left\">\n\t<div class=\"qodef-m-icon-wrapper\" style=\"color: #FFE3FE\">\n\t\t\t<div class=\"qodef-m-svg\" style=\"color: #FFE3FE\">\n\t\t<svg class=\"qodef-custom-svg-3\" viewbox=\"0 0 86 64.6\" style=\"enable-background:new 0 0 86 64.6;\" xml:space=\"preserve\">\n<g>\n<circle class=\"qodef-svg-icon-background\" cx=\"59.1\" cy=\"28\" r=\"26.9\"><\/circle>\n<circle class=\"qodef-svg-icon-shape\" cx=\"38.8\" cy=\"36.1\" r=\"26.9\"><\/circle>\n<rect class=\"qodef-svg-icon-front\" y=\"22.9\" width=\"28.3\" height=\"28.3\"><\/rect>\n<\/g>\n<\/svg>\n\n\t\t<\/div>\n\t<\/div>\n\t<div class=\"qodef-m-content\">\n\t\t\t<h4 class=\"qodef-m-title\" style=\"margin-top: 15px\">\n\t\t\t\t\t<span class=\"qodef-m-title-text\">Cursos de Oracle<\/span>\n\t\t\t<\/h4>\n\t\t\t<p class=\"qodef-m-text\" style=\"margin-top: 15px\">Este curso le permitir\u00e1 desempe\u00f1ar un papel de liderazgo en la orientaci\u00f3n de su organizaci\u00f3n para asimilar todo el valor de Oracle E-Business Suite.<\/p>\n\t<\/div>\n<\/div>\n\t\t<\/div>\n\t\t\t\t<\/div>\n\t\t\t\t<div class=\"elementor-element elementor-element-dca40c0 elementor-widget elementor-widget-thorsten_core_icon_with_text\" data-id=\"dca40c0\" data-element_type=\"widget\" data-widget_type=\"thorsten_core_icon_with_text.default\">\n\t\t\t\t<div class=\"elementor-widget-container\">\n\t\t\t<div class=\"qodef-shortcode qodef-m  qodef-icon-with-text qodef-layout--top qodef--svg-icon qodef-alignment--left\">\n\t<div class=\"qodef-m-icon-wrapper\" style=\"color: #FFE5D7\">\n\t\t\t<div class=\"qodef-m-svg\" style=\"color: #FFE5D7\">\n\t\t<svg class=\"qodef-custom-svg-1\" viewbox=\"0 0 86 64.6\" style=\"enable-background:new 0 0 86 64.6;\" xml:space=\"preserve\">\n<g>\n<circle class=\"qodef-svg-icon-background\" cx=\"51.7\" cy=\"27.1\" r=\"26.9\"><\/circle>\n<circle class=\"qodef-svg-icon-shape\" cx=\"37.7\" cy=\"37\" r=\"26.9\"><\/circle>\n<polygon class=\"qodef-svg-icon-front\" points=\"38.6,37 23,46 7.4,55 7.4,37 7.4,19 23,28 \"><\/polygon>\n<\/g>\n<\/svg>\t\t<\/div>\n\t<\/div>\n\t<div class=\"qodef-m-content\">\n\t\t\t<h4 class=\"qodef-m-title\" style=\"margin-top: 15px\">\n\t\t\t\t\t<span class=\"qodef-m-title-text\">Cursos de habilidades blandas<\/span>\n\t\t\t<\/h4>\n\t\t\t<p class=\"qodef-m-text\" style=\"margin-top: 15px\">\u00bfSe siente abrumado con todas sus tareas y las tareas pendientes &quot;parecen&quot; compartir la misma prioridad y urgencia?  <\/p>\n\t<\/div>\n<\/div>\n\t\t<\/div>\n\t\t\t\t<\/div>\n\t\t\t\t\t<\/div>\n\t\t<\/div>\n\t\t\t\t<div class=\"elementor-column elementor-col-50 elementor-inner-column elementor-element elementor-element-2a65c13\" data-id=\"2a65c13\" data-element_type=\"column\">\n\t\t\t<div class=\"elementor-widget-wrap elementor-element-populated\">\n\t\t\t\t\t\t\t\t<div class=\"elementor-element elementor-element-5dff915 elementor-widget elementor-widget-thorsten_core_icon_with_text\" data-id=\"5dff915\" data-element_type=\"widget\" data-widget_type=\"thorsten_core_icon_with_text.default\">\n\t\t\t\t<div class=\"elementor-widget-container\">\n\t\t\t<div class=\"qodef-shortcode qodef-m  qodef-icon-with-text qodef-layout--top qodef--svg-icon qodef-alignment--left\">\n\t<div class=\"qodef-m-icon-wrapper\" style=\"color: #FEECC5\">\n\t\t\t<div class=\"qodef-m-svg\" style=\"color: #FEECC5\">\n\t\t<svg class=\"qodef-custom-svg-4\" x=\"0px\" y=\"0px\" viewbox=\"0 0 86 64.6\" style=\"enable-background:new 0 0 86 64.6;\" xml:space=\"preserve\">\n<g>\n<polygon class=\"qodef-svg-icon-background\" points=\"51.3,54.4 36,27.7 20.6,1.1 51.3,1.1 82.1,1.1 66.7,27.7 \"><\/polygon>\n<polygon class=\"qodef-svg-icon-shape\" points=\"34.6,63.1 19.3,36.4 3.9,9.8 34.6,9.8 65.4,9.8 50,36.4 \"><\/polygon>\n<circle class=\"qodef-svg-icon-front\" cx=\"52.2\" cy=\"38\" r=\"15.5\"><\/circle>\n<\/g>\n<\/svg>\t\t<\/div>\n\t<\/div>\n\t<div class=\"qodef-m-content\">\n\t\t\t<h4 class=\"qodef-m-title\" style=\"margin-top: 15px\">\n\t\t\t\t\t<span class=\"qodef-m-title-text\">Curso SAP<\/span>\n\t\t\t<\/h4>\n\t\t\t<p class=\"qodef-m-text\" style=\"margin-top: 15px\">Este curso intensivo profundiza en el conocimiento de la arquitectura y las caracter\u00edsticas de SAP ERP Financials.<\/p>\n\t<\/div>\n<\/div>\n\t\t<\/div>\n\t\t\t\t<\/div>\n\t\t\t\t<div class=\"elementor-element elementor-element-ada0e7b elementor-widget elementor-widget-thorsten_core_icon_with_text\" data-id=\"ada0e7b\" data-element_type=\"widget\" data-widget_type=\"thorsten_core_icon_with_text.default\">\n\t\t\t\t<div class=\"elementor-widget-container\">\n\t\t\t<div class=\"qodef-shortcode qodef-m  qodef-icon-with-text qodef-layout--top qodef--svg-icon qodef-alignment--left\">\n\t<div class=\"qodef-m-icon-wrapper\" style=\"color: #E9F5FE\">\n\t\t\t<div class=\"qodef-m-svg\" style=\"color: #E9F5FE\">\n\t\t<svg class=\"qodef-custom-svg-2\" x=\"0px\" y=\"0px\" viewbox=\"0 0 86 64.6\" style=\"enable-background:new 0 0 86 64.6;\" xml:space=\"preserve\">\n<g>\n<rect class=\"qodef-svg-icon-background\" x=\"37.9\" width=\"45.4\" height=\"45.4\"><\/rect>\n<rect class=\"qodef-svg-icon-shape\" x=\"18.9\" y=\"12.3\" width=\"51.9\" height=\"51.9\"><\/rect>\n<circle class=\"qodef-svg-icon-front\" cx=\"18.3\" cy=\"38.2\" r=\"15.5\"><\/circle>\n<\/g>\n<\/svg>\n\n\t\t<\/div>\n\t<\/div>\n\t<div class=\"qodef-m-content\">\n\t\t\t<h4 class=\"qodef-m-title\" style=\"margin-top: 15px\">\n\t\t\t\t\t<span class=\"qodef-m-title-text\">Cursos de Gesti\u00f3n<\/span>\n\t\t\t<\/h4>\n\t\t\t<p class=\"qodef-m-text\" style=\"margin-top: 15px\">Usted asumi\u00f3 un rol de liderazgo y aspira a mejorar sus habilidades de liderazgo para encajar en esta nueva posici\u00f3n. \u00a1Te tenemos cubierto! <\/p>\n\t<\/div>\n<\/div>\n\t\t<\/div>\n\t\t\t\t<\/div>\n\t\t\t\t\t<\/div>\n\t\t<\/div>\n\t\t\t\t\t\t\t<\/div>\n\t\t<\/section>\n\t\t\t\t\t<\/div>\n\t\t<\/div>\n\t\t\t\t\t\t\t<\/div>\n\t\t<\/section>\n\t\t\t\t\t\t\t<\/div>","protected":false},"excerpt":{"rendered":"<p>proskills SERVICES Considered the most resourceful training provider, ProSkills provides Oracle and Tier 1 partners with high quality consultants and trainers for the full range of the advanced technical courses they need. Accredited by Oracle and other vendors, all our trainers have got an extensive technical background and experience. Hosting the world\u2019s most qualified calibers, [&hellip;]<\/p>","protected":false},"author":1,"featured_media":0,"parent":0,"menu_order":0,"comment_status":"closed","ping_status":"closed","template":"page-full-width.php","meta":{"footnotes":""},"_links":{"self":[{"href":"https:\/\/proskillsglobal.com\/es\/wp-json\/wp\/v2\/pages\/7037"}],"collection":[{"href":"https:\/\/proskillsglobal.com\/es\/wp-json\/wp\/v2\/pages"}],"about":[{"href":"https:\/\/proskillsglobal.com\/es\/wp-json\/wp\/v2\/types\/page"}],"author":[{"embeddable":true,"href":"https:\/\/proskillsglobal.com\/es\/wp-json\/wp\/v2\/users\/1"}],"replies":[{"embeddable":true,"href":"https:\/\/proskillsglobal.com\/es\/wp-json\/wp\/v2\/comments?post=7037"}],"version-history":[{"count":65,"href":"https:\/\/proskillsglobal.com\/es\/wp-json\/wp\/v2\/pages\/7037\/revisions"}],"predecessor-version":[{"id":17234,"href":"https:\/\/proskillsglobal.com\/es\/wp-json\/wp\/v2\/pages\/7037\/revisions\/17234"}],"wp:attachment":[{"href":"https:\/\/proskillsglobal.com\/es\/wp-json\/wp\/v2\/media?parent=7037"}],"curies":[{"name":"wp","href":"https:\/\/api.w.org\/{rel}","templated":true}]}}