{"id":16609,"date":"2021-10-13T08:49:27","date_gmt":"2021-10-13T08:49:27","guid":{"rendered":"https:\/\/proskillsglobal.com\/?page_id=16609"},"modified":"2022-04-13T01:42:18","modified_gmt":"2022-04-13T01:42:18","slug":"vmware","status":"publish","type":"page","link":"https:\/\/proskillsglobal.com\/fr\/vmware\/","title":{"rendered":"VMware"},"content":{"rendered":"<div data-elementor-type=\"wp-page\" data-elementor-id=\"16609\" class=\"elementor elementor-16609\">\n\t\t\t\t\t\t\t\t\t<section class=\"elementor-section elementor-top-section elementor-element elementor-element-7b74022 elementor-section-boxed elementor-section-height-default elementor-section-height-default qodef-elementor-content-no\" data-id=\"7b74022\" data-element_type=\"section\">\n\t\t\t\t\t\t<div class=\"elementor-container elementor-column-gap-default\">\n\t\t\t\t\t<div class=\"elementor-column elementor-col-100 elementor-top-column elementor-element elementor-element-fcaad8f\" data-id=\"fcaad8f\" data-element_type=\"column\">\n\t\t\t<div class=\"elementor-widget-wrap elementor-element-populated\">\n\t\t\t\t\t\t\t\t<div class=\"elementor-element elementor-element-8772f83 elementor-widget elementor-widget-thorsten_core_portfolio_list\" data-id=\"8772f83\" data-element_type=\"widget\" data-widget_type=\"thorsten_core_portfolio_list.default\">\n\t\t\t\t<div class=\"elementor-widget-container\">\n\t\t\t<div class=\"qodef-shortcode qodef-m  qodef-portfolio-list qodef-item-layout--info-below qodef-custom-padding   qodef-pl-appear-animation--yes qodef-grid qodef-layout--columns qodef-layout--no  qodef-gutter--normal qodef-col-num--3 qodef-item-layout--info-below qodef-pagination--on qodef-pagination-type--infinite-scroll qodef-responsive--predefined\" data-options=\"{&quot;plugin&quot;:&quot;thorsten_core&quot;,&quot;module&quot;:&quot;post-types\\\/portfolio\\\/shortcodes&quot;,&quot;shortcode&quot;:&quot;portfolio-list&quot;,&quot;post_type&quot;:&quot;portfolio-item&quot;,&quot;next_page&quot;:&quot;2&quot;,&quot;max_pages_num&quot;:7,&quot;behavior&quot;:&quot;columns&quot;,&quot;images_proportion&quot;:&quot;full&quot;,&quot;columns&quot;:&quot;3&quot;,&quot;columns_responsive&quot;:&quot;predefined&quot;,&quot;space&quot;:&quot;normal&quot;,&quot;orderby&quot;:&quot;date&quot;,&quot;order&quot;:&quot;DESC&quot;,&quot;additional_params&quot;:&quot;tax&quot;,&quot;tax&quot;:&quot;portfolio-category&quot;,&quot;tax_slug&quot;:&quot;VMware&quot;,&quot;layout&quot;:&quot;info-below&quot;,&quot;hover_animation_info-follow&quot;:&quot;follow&quot;,&quot;title_tag&quot;:&quot;h5&quot;,&quot;custom_padding&quot;:&quot;no&quot;,&quot;custom_behavior&quot;:&quot;no&quot;,&quot;show_info_below_on_masonry_list&quot;:&quot;no&quot;,&quot;light_skin&quot;:&quot;no&quot;,&quot;appear_animation&quot;:&quot;yes&quot;,&quot;pagination_type&quot;:&quot;infinite-scroll&quot;,&quot;object_class_name&quot;:&quot;ThorstenCore_Portfolio_List_Shortcode&quot;,&quot;taxonomy_filter&quot;:&quot;portfolio-category&quot;,&quot;additional_query_args&quot;:{&quot;tax_query&quot;:[{&quot;taxonomy&quot;:&quot;portfolio-category&quot;,&quot;field&quot;:&quot;slug&quot;,&quot;terms&quot;:&quot;VMware&quot;}]},&quot;unique&quot;:710,&quot;space_value&quot;:15}\">\n\t\t<div class=\"qodef-grid-inner clear\">\n\t\t<article class=\"qodef-e qodef-grid-item qodef-item--full post-16084 portfolio-item type-portfolio-item status-publish hentry portfolio-category-vmware\">\n\t<div class=\"qodef-e-inner\" >\n\t\t<div class=\"qodef-e-image\">\n\t\t\t\t\t<\/div>\n\t\t<div class=\"qodef-e-content\" >\n\t\t\t\t<div class=\"qodef-e-info-category\">\n\t\t\t\t\t<a itemprop=\"url\" class=\"qodef-e-category\" href=\"https:\/\/proskillsglobal.com\/fr\/portfolio-category\/vmware\/\">\n\t\t\t\tVMware\t\t\t<\/a>\n\t\t\t<\/div>\n\t\t\t<h5 itemprop=\"name\" class=\"qodef-e-title entry-title\" >\n\t<a itemprop=\"url\" class=\"qodef-e-title-link\" href=\"https:\/\/proskillsglobal.com\/fr\/portfolio-item\/vmware-powercli-for-vsan\/\">\n\t\tVMware PowerCLI pour vSAN\t<\/a>\n<\/h5>\n\t\t<\/div>\n\t<\/div>\n<\/article>\n<article class=\"qodef-e qodef-grid-item qodef-item--full post-16047 portfolio-item type-portfolio-item status-publish hentry portfolio-category-vmware\">\n\t<div class=\"qodef-e-inner\" >\n\t\t<div class=\"qodef-e-image\">\n\t\t\t\t\t<\/div>\n\t\t<div class=\"qodef-e-content\" >\n\t\t\t\t<div class=\"qodef-e-info-category\">\n\t\t\t\t\t<a itemprop=\"url\" class=\"qodef-e-category\" href=\"https:\/\/proskillsglobal.com\/fr\/portfolio-category\/vmware\/\">\n\t\t\t\tVMware\t\t\t<\/a>\n\t\t\t<\/div>\n\t\t\t<h5 itemprop=\"name\" class=\"qodef-e-title entry-title\" >\n\t<a itemprop=\"url\" class=\"qodef-e-title-link\" href=\"https:\/\/proskillsglobal.com\/fr\/portfolio-item\/vmware-vsan-deploy-and-manage-v6-7\/\">\n\t\tVMware vSAN\u2122 \u2013 D\u00e9ployer et g\u00e9rer la V6.7\t<\/a>\n<\/h5>\n\t\t<\/div>\n\t<\/div>\n<\/article>\n<article class=\"qodef-e qodef-grid-item qodef-item--full post-16048 portfolio-item type-portfolio-item status-publish hentry portfolio-category-vmware\">\n\t<div class=\"qodef-e-inner\" >\n\t\t<div class=\"qodef-e-image\">\n\t\t\t\t\t<\/div>\n\t\t<div class=\"qodef-e-content\" >\n\t\t\t\t<div class=\"qodef-e-info-category\">\n\t\t\t\t\t<a itemprop=\"url\" class=\"qodef-e-category\" href=\"https:\/\/proskillsglobal.com\/fr\/portfolio-category\/vmware\/\">\n\t\t\t\tVMware\t\t\t<\/a>\n\t\t\t<\/div>\n\t\t\t<h5 itemprop=\"name\" class=\"qodef-e-title entry-title\" >\n\t<a itemprop=\"url\" class=\"qodef-e-title-link\" href=\"https:\/\/proskillsglobal.com\/fr\/portfolio-item\/vmware-vsan-production-operations-v6-7\/\">\n\t\tVMware vSAN\u2122 \u2013 Op\u00e9rations de production V6.7\t<\/a>\n<\/h5>\n\t\t<\/div>\n\t<\/div>\n<\/article>\n<article class=\"qodef-e qodef-grid-item qodef-item--full post-16049 portfolio-item type-portfolio-item status-publish hentry portfolio-category-vmware\">\n\t<div class=\"qodef-e-inner\" >\n\t\t<div class=\"qodef-e-image\">\n\t\t\t\t\t<\/div>\n\t\t<div class=\"qodef-e-content\" >\n\t\t\t\t<div class=\"qodef-e-info-category\">\n\t\t\t\t\t<a itemprop=\"url\" class=\"qodef-e-category\" href=\"https:\/\/proskillsglobal.com\/fr\/portfolio-category\/vmware\/\">\n\t\t\t\tVMware\t\t\t<\/a>\n\t\t\t<\/div>\n\t\t\t<h5 itemprop=\"name\" class=\"qodef-e-title entry-title\" >\n\t<a itemprop=\"url\" class=\"qodef-e-title-link\" href=\"https:\/\/proskillsglobal.com\/fr\/portfolio-item\/vmware-vsan-troubleshooting-workshop-v6-x\/\">\n\t\tVMware vSAN\u2122 \u2013 Atelier de d\u00e9pannage v6.x\t<\/a>\n<\/h5>\n\t\t<\/div>\n\t<\/div>\n<\/article>\n<article class=\"qodef-e qodef-grid-item qodef-item--full post-16051 portfolio-item type-portfolio-item status-publish hentry portfolio-category-vmware\">\n\t<div class=\"qodef-e-inner\" >\n\t\t<div class=\"qodef-e-image\">\n\t\t\t\t\t<\/div>\n\t\t<div class=\"qodef-e-content\" >\n\t\t\t\t<div class=\"qodef-e-info-category\">\n\t\t\t\t\t<a itemprop=\"url\" class=\"qodef-e-category\" href=\"https:\/\/proskillsglobal.com\/fr\/portfolio-category\/vmware\/\">\n\t\t\t\tVMware\t\t\t<\/a>\n\t\t\t<\/div>\n\t\t\t<h5 itemprop=\"name\" class=\"qodef-e-title entry-title\" >\n\t<a itemprop=\"url\" class=\"qodef-e-title-link\" href=\"https:\/\/proskillsglobal.com\/fr\/portfolio-item\/vmware-site-recovery-manager-install-configure-manage-v8-2\/\">\n\t\tVMware Site Recovery Manager\u2122 \u2013 Installer, Configurer, G\u00e9rer V8.2\t<\/a>\n<\/h5>\n\t\t<\/div>\n\t<\/div>\n<\/article>\n<article class=\"qodef-e qodef-grid-item qodef-item--full post-16105 portfolio-item type-portfolio-item status-publish hentry portfolio-category-vmware\">\n\t<div class=\"qodef-e-inner\" >\n\t\t<div class=\"qodef-e-image\">\n\t\t\t\t\t<\/div>\n\t\t<div class=\"qodef-e-content\" >\n\t\t\t\t<div class=\"qodef-e-info-category\">\n\t\t\t\t\t<a itemprop=\"url\" class=\"qodef-e-category\" href=\"https:\/\/proskillsglobal.com\/fr\/portfolio-category\/vmware\/\">\n\t\t\t\tVMware\t\t\t<\/a>\n\t\t\t<\/div>\n\t\t\t<h5 itemprop=\"name\" class=\"qodef-e-title entry-title\" >\n\t<a itemprop=\"url\" class=\"qodef-e-title-link\" href=\"https:\/\/proskillsglobal.com\/fr\/portfolio-item\/vmware-vsphere-troubleshooting-workshop-v6-5\/\">\n\t\tVMware vSphere\u00ae \u2013 Atelier de d\u00e9pannage v6.5\t<\/a>\n<\/h5>\n\t\t<\/div>\n\t<\/div>\n<\/article>\n<article class=\"qodef-e qodef-grid-item qodef-item--full post-16106 portfolio-item type-portfolio-item status-publish hentry portfolio-category-vmware\">\n\t<div class=\"qodef-e-inner\" >\n\t\t<div class=\"qodef-e-image\">\n\t\t\t\t\t<\/div>\n\t\t<div class=\"qodef-e-content\" >\n\t\t\t\t<div class=\"qodef-e-info-category\">\n\t\t\t\t\t<a itemprop=\"url\" class=\"qodef-e-category\" href=\"https:\/\/proskillsglobal.com\/fr\/portfolio-category\/vmware\/\">\n\t\t\t\tVMware\t\t\t<\/a>\n\t\t\t<\/div>\n\t\t\t<h5 itemprop=\"name\" class=\"qodef-e-title entry-title\" >\n\t<a itemprop=\"url\" class=\"qodef-e-title-link\" href=\"https:\/\/proskillsglobal.com\/fr\/portfolio-item\/vmware-vsphere-whats-new-v5-5-to-v6-5\/\">\n\t\tVMware vSphere\u00ae \u2013 Quoi de neuf v5.5 \u00e0 v6.5\t<\/a>\n<\/h5>\n\t\t<\/div>\n\t<\/div>\n<\/article>\n<article class=\"qodef-e qodef-grid-item qodef-item--full post-16107 portfolio-item type-portfolio-item status-publish hentry portfolio-category-vmware\">\n\t<div class=\"qodef-e-inner\" >\n\t\t<div class=\"qodef-e-image\">\n\t\t\t\t\t<\/div>\n\t\t<div class=\"qodef-e-content\" >\n\t\t\t\t<div class=\"qodef-e-info-category\">\n\t\t\t\t\t<a itemprop=\"url\" class=\"qodef-e-category\" href=\"https:\/\/proskillsglobal.com\/fr\/portfolio-category\/vmware\/\">\n\t\t\t\tVMware\t\t\t<\/a>\n\t\t\t<\/div>\n\t\t\t<h5 itemprop=\"name\" class=\"qodef-e-title entry-title\" >\n\t<a itemprop=\"url\" class=\"qodef-e-title-link\" href=\"https:\/\/proskillsglobal.com\/fr\/portfolio-item\/vmware-nsx-install-configure-manage-plus-troubleshooting-and-operations-fast-track-v6-4\/\">\n\t\tVMware NSX\u00ae \u2013 Installation, configuration, gestion et d\u00e9pannage et op\u00e9rations acc\u00e9l\u00e9r\u00e9es V6.4\t<\/a>\n<\/h5>\n\t\t<\/div>\n\t<\/div>\n<\/article>\n<article class=\"qodef-e qodef-grid-item qodef-item--full post-16095 portfolio-item type-portfolio-item status-publish hentry portfolio-category-vmware\">\n\t<div class=\"qodef-e-inner\" >\n\t\t<div class=\"qodef-e-image\">\n\t\t\t\t\t<\/div>\n\t\t<div class=\"qodef-e-content\" >\n\t\t\t\t<div class=\"qodef-e-info-category\">\n\t\t\t\t\t<a itemprop=\"url\" class=\"qodef-e-category\" href=\"https:\/\/proskillsglobal.com\/fr\/portfolio-category\/vmware\/\">\n\t\t\t\tVMware\t\t\t<\/a>\n\t\t\t<\/div>\n\t\t\t<h5 itemprop=\"name\" class=\"qodef-e-title entry-title\" >\n\t<a itemprop=\"url\" class=\"qodef-e-title-link\" href=\"https:\/\/proskillsglobal.com\/fr\/portfolio-item\/vmware-vsphere-troubleshooting-workshop-v6-7\/\">\n\t\tVMware vSphere\u00ae \u2013 Atelier de d\u00e9pannage v6.7\t<\/a>\n<\/h5>\n\t\t<\/div>\n\t<\/div>\n<\/article>\n<article class=\"qodef-e qodef-grid-item qodef-item--full post-16096 portfolio-item type-portfolio-item status-publish hentry portfolio-category-vmware\">\n\t<div class=\"qodef-e-inner\" >\n\t\t<div class=\"qodef-e-image\">\n\t\t\t\t\t<\/div>\n\t\t<div class=\"qodef-e-content\" >\n\t\t\t\t<div class=\"qodef-e-info-category\">\n\t\t\t\t\t<a itemprop=\"url\" class=\"qodef-e-category\" href=\"https:\/\/proskillsglobal.com\/fr\/portfolio-category\/vmware\/\">\n\t\t\t\tVMware\t\t\t<\/a>\n\t\t\t<\/div>\n\t\t\t<h5 itemprop=\"name\" class=\"qodef-e-title entry-title\" >\n\t<a itemprop=\"url\" class=\"qodef-e-title-link\" href=\"https:\/\/proskillsglobal.com\/fr\/portfolio-item\/vmware-vsphere-whats-new-v5-5-to-v6-7\/\">\n\t\tVMware vSphere\u00ae \u2013 Quoi de neuf v5.5 \u00e0 v6.7\t<\/a>\n<\/h5>\n\t\t<\/div>\n\t<\/div>\n<\/article>\n<article class=\"qodef-e qodef-grid-item qodef-item--full post-16097 portfolio-item type-portfolio-item status-publish hentry portfolio-category-vmware\">\n\t<div class=\"qodef-e-inner\" >\n\t\t<div class=\"qodef-e-image\">\n\t\t\t\t\t<\/div>\n\t\t<div class=\"qodef-e-content\" >\n\t\t\t\t<div class=\"qodef-e-info-category\">\n\t\t\t\t\t<a itemprop=\"url\" class=\"qodef-e-category\" href=\"https:\/\/proskillsglobal.com\/fr\/portfolio-category\/vmware\/\">\n\t\t\t\tVMware\t\t\t<\/a>\n\t\t\t<\/div>\n\t\t\t<h5 itemprop=\"name\" class=\"qodef-e-title entry-title\" >\n\t<a itemprop=\"url\" class=\"qodef-e-title-link\" href=\"https:\/\/proskillsglobal.com\/fr\/portfolio-item\/vmware-advanced-skills-for-vsphere-professional-workshop-v6-7\/\">\n\t\tVmware\u00ae Advanced Skills for vSphere Professional Workshop V6.7\t<\/a>\n<\/h5>\n\t\t<\/div>\n\t<\/div>\n<\/article>\n<article class=\"qodef-e qodef-grid-item qodef-item--full post-16098 portfolio-item type-portfolio-item status-publish hentry portfolio-category-vmware\">\n\t<div class=\"qodef-e-inner\" >\n\t\t<div class=\"qodef-e-image\">\n\t\t\t\t\t<\/div>\n\t\t<div class=\"qodef-e-content\" >\n\t\t\t\t<div class=\"qodef-e-info-category\">\n\t\t\t\t\t<a itemprop=\"url\" class=\"qodef-e-category\" href=\"https:\/\/proskillsglobal.com\/fr\/portfolio-category\/vmware\/\">\n\t\t\t\tVMware\t\t\t<\/a>\n\t\t\t<\/div>\n\t\t\t<h5 itemprop=\"name\" class=\"qodef-e-title entry-title\" >\n\t<a itemprop=\"url\" class=\"qodef-e-title-link\" href=\"https:\/\/proskillsglobal.com\/fr\/portfolio-item\/vmware-vsphere-design-workshop-v6-5\/\">\n\t\tVMware vSphere\u00ae \u2013 Atelier de conception v6.5\t<\/a>\n<\/h5>\n\t\t<\/div>\n\t<\/div>\n<\/article>\n\t<\/div>\n\t\t<div class=\"qodef-m-pagination qodef--infinite-scroll\">\n\t\t<svg class=\"qodef-m-pagination-spinner\" xmlns=\"http:\/\/www.w3.org\/2000\/svg\" width=\"512\" height=\"512\" viewbox=\"0 0 512 512\"><path d=\"M304 48c0 26.51-21.49 48-48 48s-48-21.49-48-48 21.49-48 48-48 48 21.49 48 48zm-48 368c-26.51 0-48 21.49-48 48s21.49 48 48 48 48-21.49 48-48-21.49-48-48-48zm208-208c-26.51 0-48 21.49-48 48s21.49 48 48 48 48-21.49 48-48-21.49-48-48-48zM96 256c0-26.51-21.49-48-48-48S0 229.49 0 256s21.49 48 48 48 48-21.49 48-48zm12.922 99.078c-26.51 0-48 21.49-48 48s21.49 48 48 48 48-21.49 48-48c0-26.509-21.491-48-48-48zm294.156 0c-26.51 0-48 21.49-48 48s21.49 48 48 48 48-21.49 48-48c0-26.509-21.49-48-48-48zM108.922 60.922c-26.51 0-48 21.49-48 48s21.49 48 48 48 48-21.49 48-48-21.491-48-48-48z\"><\/path><\/svg>\t<\/div>\n<\/div>\n\t\t<\/div>\n\t\t\t\t<\/div>\n\t\t\t\t\t<\/div>\n\t\t<\/div>\n\t\t\t\t\t\t\t<\/div>\n\t\t<\/section>\n\t\t\t\t\t\t\t<\/div>","protected":false},"excerpt":{"rendered":"<p>VMware VMware PowerCLI for vSAN VMware VMware vSAN\u2122 \u2013 Deploy and Manage V6.7 VMware VMware vSAN\u2122 \u2013 Production Operations V6.7 VMware VMware vSAN\u2122 \u2013 Troubleshooting Workshop v6.x VMware VMware Site Recovery Manager\u2122 \u2013 Install, Configure, Manage V8.2 VMware VMware vSphere\u00ae \u2013 What\u2019s New v5.5 to v6.5 VMware VMware NSX\u00ae \u2013 Install, Configure, Manage plus Troubleshooting [&hellip;]<\/p>","protected":false},"author":1,"featured_media":0,"parent":0,"menu_order":0,"comment_status":"closed","ping_status":"closed","template":"","meta":{"footnotes":""},"_links":{"self":[{"href":"https:\/\/proskillsglobal.com\/fr\/wp-json\/wp\/v2\/pages\/16609"}],"collection":[{"href":"https:\/\/proskillsglobal.com\/fr\/wp-json\/wp\/v2\/pages"}],"about":[{"href":"https:\/\/proskillsglobal.com\/fr\/wp-json\/wp\/v2\/types\/page"}],"author":[{"embeddable":true,"href":"https:\/\/proskillsglobal.com\/fr\/wp-json\/wp\/v2\/users\/1"}],"replies":[{"embeddable":true,"href":"https:\/\/proskillsglobal.com\/fr\/wp-json\/wp\/v2\/comments?post=16609"}],"version-history":[{"count":5,"href":"https:\/\/proskillsglobal.com\/fr\/wp-json\/wp\/v2\/pages\/16609\/revisions"}],"predecessor-version":[{"id":17242,"href":"https:\/\/proskillsglobal.com\/fr\/wp-json\/wp\/v2\/pages\/16609\/revisions\/17242"}],"wp:attachment":[{"href":"https:\/\/proskillsglobal.com\/fr\/wp-json\/wp\/v2\/media?parent=16609"}],"curies":[{"name":"wp","href":"https:\/\/api.w.org\/{rel}","templated":true}]}}