{"id":16253,"date":"2021-10-07T11:43:33","date_gmt":"2021-10-07T11:43:33","guid":{"rendered":"https:\/\/proskillsglobal.com\/terms-conditions\/"},"modified":"2021-10-07T11:43:36","modified_gmt":"2021-10-07T11:43:36","slug":"terms-conditions","status":"publish","type":"page","link":"https:\/\/proskillsglobal.com\/pt\/terms-conditions\/","title":{"rendered":"Termos e Condi\u00e7\u00f5es"},"content":{"rendered":"<!-- This legal document was generated by Complianz Terms &amp; Conditions https:\/\/wordpress.org\/plugins\/complianz-terms-conditions -->\n<div id=\"cmplz-document\" class=\"cmplz-document cmplz-terms-conditions\"><p><i>The Terms and Conditions were last updated on Outubro 7, 2021<\/i><\/p><h2>1. Introdu\u00e7\u00e3o<\/h2><p>Estes Termos e condi\u00e7\u00f5es aplic\u00e1veis a este site e \u00e0s rela\u00e7\u00f5es com nossos produtos e servi\u00e7os. Voc\u00ea pode estar sujeito a contratos adicionais relacionados ao seu relacionamento conosco ou quaisquer produtos ou servi\u00e7os que adicionais de n\u00f3s. Se alguma cl\u00e1usula dos contratos adicionais entrar em conflito com qualquer cl\u00e1usula Termos, como cl\u00e1usulas dessas contratos prevalecer\u00e3o.<\/p><h2>2. Obriga\u00e7\u00f5es<\/h2><p>Ao se registrar, acessar ou usar o site de outra forma, voc\u00ea concorda em obedecer a estes Termos e condi\u00e7\u00f5es abaixo. A simples utiliza\u00e7\u00e3o deste site implica o conhecimento e aceita\u00e7\u00e3o dos Termos e Condi\u00e7\u00f5es. Em alguns casos espec\u00edficos, tamb\u00e9m podemos pedir que voc\u00ea concorda explicitamente.<\/p><h2>3. Comunica\u00e7\u00e3o eletr\u00f4nica<\/h2><p>Ao usar este site ou comunicar-se conosco por meios eletr\u00f4nicos, voc\u00ea concorda e reconhece que podemos nos comunicar com voc\u00ea eletronicamente em nosso site ou enviando um e-mail e concorda que todos os acordos, avisos, divulga\u00e7\u00f5es e outras comunica\u00e7\u00f5es que fornecemos eletronicamente a voc\u00ea satisfazem a qualquer requisito legal, incluindo, mas n\u00e3o limitando ao requisito de que tais comunica\u00e7\u00f5es sejam feitas por escrito.<\/p><h2>4. Propriedade intelectual<\/h2><p>N\u00f3s ou nossos licenciados possu\u00edmos e controlamos todos os direitos autorais e outros direitos de propriedade intelectual no site e os dados, informa\u00e7\u00f5es e outros recursos acess\u00edveis ou acess\u00edveis dentro do site.<\/p><p class=\"cmplz-subtitle\">4.1 Todos os direitos reservados<\/p><p>A menos que conte\u00fados espec\u00edficos determinam o contr\u00e1rio, voc\u00ea n\u00e3o recebe uma licen\u00e7a ou outro direito sob Copyright, Marca Registrada, Patente ou outros de Propriedade Intelectual. Isso significa que voc\u00ea pode usar, copiar, neste site, executar, exibir, distribuir eletronicamente, alterar, fazer engenharia reversa, transferir qualquer meio, transmitir, monetizar, vender, negociar ou comercializar quaisquer recursos A forma, sem nossa autoriza\u00e7\u00e3o pr\u00e9via por escrito, exceto e a medida estipulada nos regulamentos da lei obrigat\u00f3ria como o direito de cota\u00e7\u00e3o).<\/p><h2>5. Boletim informativo<\/h2><p>N\u00e3o obstante o acima, voc\u00ea poder\u00e1 participar de nosso boletim informativo em formato eletr\u00f4nico a pessoas que tenham interesse em visitar o nosso site.<\/p><h2>6. Propriedade de terceiros<\/h2><p>Nosso site pode incluir hiperlinks ou outras refer\u00eancias a sites de terceiros. N\u00e3o monitoramos ou revisamos o conte\u00fado de sites de terceiros que est\u00e3o vinculados a partir deste site. Os produtos ou servi\u00e7os oferecidos por outros sites sujeitos aos Termos e Condi\u00e7\u00f5es Amig\u00e1veis. As opini\u00f5es expressas ou materiais que aparecem nestes sites n\u00e3o s\u00e3o necessariamente isolados ou endos por n\u00f3s.<\/p><p>N\u00e3o seremos respons\u00e1veis por quaisquer pr\u00e1ticas de privacidade ou conte\u00fados desses sites. Voc\u00ea assume todos os riscos associados aos sites de uso e quaisquer servi\u00e7os de terceiros relacionados. N\u00e3o aceitamos qualquer responsabilidade por qualquer perda ou dano de qualquer forma, causado por voc\u00ea, resultante de sua divulga\u00e7\u00e3o a terceiros de pessoas pessoais.<\/p><h2>7. Uso respons\u00e1vel<\/h2><p>Ao nosso site, voc\u00ea concorda em usar-lo apenas para os fins permitidos on-line normalmente permitidos por estes Termos, leis e regulamentos adicionais aceitas e regras da ind\u00fastria. Voc\u00ea n\u00e3o deve usar nosso site ou servi\u00e7os para usar, publicar ou distribuir qualquer material que consista em (ou seja, vinculado a) software de computador malicioso; usar os dados da atividade de nosso site para qualquer marketing direto; nossas atividades de coleta de dados ou em rela\u00e7\u00e3o ao nosso site.<\/p><p>O envolvimento em qualquer atividade que possa causar ou causar danos ao site ou que interfira no desempenho, disponibilidade ou acessibilidade do site \u00e9 restrito.<\/p><p>Para exercer o direito de cancelamento, voc\u00ea deve nos informar sobre sua decis\u00e3o de rescindir este contrato por meio de uma declara\u00e7\u00e3o inequ\u00edvoca (por exemplo, uma carta enviada por correio, fax ou e-mail).&nbsp;Nossos detalhes de contato podem ser encontrados abaixo.&nbsp;Voc\u00ea pode usar o modelo em anexo do <a href=\"https:\/\/proskillsglobal.com\/wp-content\/uploads\/custom-withdrawal-form.pdf\">formul\u00e1rio de cancelamento<\/a>, mas n\u00e3o \u00e9 obrigado.<\/p><h2>8. Conte\u00fado publicado por voc\u00ea<\/h2><p>fornecer v\u00e1rias ferramentas de comunica\u00e7\u00e3o em nosso site, m\u00eddia e coment\u00e1rios de f\u00f3runs de blog, quadros de mensagens, consulta e consulta social, como v\u00e1rios servi\u00e7os de m\u00eddia e v\u00e1rios servi\u00e7os de comunica\u00e7\u00e3o social. Pode n\u00e3o ser vi\u00e1vel para n\u00f3s ou para todo o conte\u00fado que voc\u00ea ou outras pessoas compartilhar ou enviar para\/atra pode compartilhar de nosso site. No entanto, nos reservamos o direito de revisar o conte\u00fado em antecipa\u00e7\u00e3o a todo o uso e removedor exclusivo ou qualquer conte\u00fado de nosso crit\u00e9rio. Ao publicar informa\u00e7\u00f5es ou voc\u00ea usar quaisquer condi\u00e7\u00f5es mencionadas ou relacionadas \u00e0 comunica\u00e7\u00e3o aberta, estes cumprem os termos e os termos e n\u00e3o devem infringir os direitos legais de qualquer pessoa.<\/p><h2>9. Submiss\u00e3o de ideias<\/h2><p>N\u00e3o pode apresentar ideias de trabalhos autorais ou outras informa\u00e7\u00f5es que voc\u00ea possa, enviar ideias de acordo com sua propriedade intelectual que queira apresentar para n\u00f3s, pelo menos, que tenhamos assinado sobre uma propriedade intelectual ou acordo de n\u00e3o divulga\u00e7\u00e3o. Se voc\u00ea publicar um livro publicado, n\u00f3s n\u00e3o temos nenhum acordo por royalties mundial, irrevog\u00e1vel, voc\u00ea n\u00e3o exclusiva de publicar e publicar livremente, adaptar, estudar, estudar e publicar seu conte\u00fado em existente ou voc\u00ea n\u00e3o exclusivo de publicar e publicar seu conte\u00fado em existente. .<\/p><h2>10. Cessa\u00e7\u00e3o de uso<\/h2><p>Nosso exclusivo exclusivo, a qualquer momento modificar ou acesso, podemos todos, ou todos cont\u00ednuos, ao site ou servi\u00e7o contido contido. Voc\u00ea concorda que n\u00e3o seja respons\u00e1vel por voc\u00ea ou qualquer terceiro por suspens\u00e3o ou suspens\u00e3o de seu acesso ou uso do site ou de qualquer conte\u00fado que voc\u00ea possa ter compartilhado no site. Voc\u00ea n\u00e3o ter\u00e1 direito a qualquer compensa\u00e7\u00e3o ou outro pagamento, mesmo que certos recursos, configura\u00e7\u00f5es e\/ou qualquer conte\u00fado com o qual tenha contribu\u00eddo ou do qual venha a depender permanentemente perdido. Voc\u00ea n\u00e3o deve evitar ou burlar, ou tentar impedir ou burlar, quaisquer restri\u00e7\u00f5es de acesso em nosso site.<\/p><h2>11. Garantias e responsabilidade<\/h2><p>Nesta se\u00e7\u00e3o limitar\u00e1 ou excluir\u00e1 qualquer garantia impl\u00edcita por lei que limita ou exclui ilegal. Este site e todo o aqui do site s\u00e3o fornecidos &quot;no estado em que se encontram&quot; e &quot;conforme dispon\u00edvel&quot; e podem incluir imprecis\u00f5es ou erros gr\u00e1ficos. Renunciamos expressamente a todas as garantias de qualquer tipo, expressas ou impl\u00edcitas, quanto \u00e0 disponibilidade, precis\u00e3o ou precis\u00e3o do conte\u00fado. N\u00e3o garantimos que:<\/p><p><ul>\n                    <li>este site ou nosso conte\u00fado atender\u00e1 \u00e0s suas necessidades;<\/li>\n                    <li>este site estar\u00e1 dispon\u00edvel de forma ininterrupta, oportuna, segura ou livre de erros.<\/li>\n        <\/ul><\/p><p>Nada neste site constitui, ou constitui, aconselhamento jur\u00eddico, financeiro ou m\u00e9dico de qualquer tipo. Se voc\u00ea precisar de aconselhamento, deve consultar um profissional adequado.<\/p><p>Como a seguir desta se\u00e7\u00e3o ser\u00e1 aplicada a extens\u00e3o m\u00e1xima permitida pela lei aplic\u00e1vel e n\u00e3o limitando a qualquer outra nossa responsabilidade em rela\u00e7\u00e3o a qualquer assunto que seria il\u00edcito ou limitarmos nossa responsabilidade ilegal. Em nenhum dos respons\u00e1veis por quaisquer danos diretos ou indiretos (incluindo quaisquer danos causados por perda de lucros ou caso, perda de dados ou danos de dados, software ou qualquer dano de dados, software ou qualquer dano de dados, ou qualquer dano de dados a voc\u00ea ou qualquer terceiro) em quaisquer danos causados por voc\u00ea ou quaisquer danos causados por voc\u00ea ou qualquer terceiro. do seu acesso ou uso do nosso site.<\/p><p>Exceto na medida em que o contrato adicional declare expressamente o contr\u00e1rio, nossa responsabilidade m\u00e1xima para com voc\u00ea por todos os danos causados ou relacionados ao site ou quaisquer produtos e servi\u00e7os comercializados ou vendidos do site, independentemente da forma de a\u00e7\u00e3o legal atrav\u00e9s de responsabilidade ( Tais produtos ou servi\u00e7os ser\u00e3o limitados ao pre\u00e7o total que voc\u00ea pagou a n\u00f3s para adquirir tais produtos ou servi\u00e7os para adquirir o site. Tal limite ser\u00e1 aplicado em conjunto a todas as suas caracter\u00edsticas, a\u00e7\u00f5es e causas de a\u00e7\u00e3o de todos os tipos e naturezas.<\/p><h2>12. Privacidade<\/h2><p>Para acessar nosso site e\/ou servi\u00e7os, voc\u00ea precisa fornecer algumas informa\u00e7\u00f5es sobre voc\u00ea como parte do processo de registro. Voc\u00ea concorda que as informa\u00e7\u00f5es fornecidas s\u00e3o todas precisas, corretas e todas atualizadas.<\/p><p>Desenvolvemos uma pol\u00edtica para quaisquer preocupa\u00e7\u00f5es de privacidade que voc\u00ea possa abordar. Para mais informa\u00e7\u00f5es, consulte nossa <a href=\"\">Declara\u00e7\u00e3o de Privacidade<\/a> e nossa <a href=\"https:\/\/proskillsglobal.com\/cookie-policy-eu\/\">Pol\u00edtica de Cookies<\/a>.<\/p><h2>13. Acessibilidade<\/h2><p>Estamos comprometidos em tornar o conte\u00fado que fornecemos acess\u00edveis a pessoas com defici\u00eancia. Se voc\u00ea tem defici\u00eancias e n\u00e3o tem acesso a qualquer parte do nosso site devido \u00e0 sua defici\u00eancia, que avisa detalhadamente do problema que voc\u00ea encontrou. Se o problema for determinadovel e resolvido de acordo com a tecnologia da informa\u00e7\u00e3o padr\u00e3o da ind\u00fastria, resolve-lo.<\/p><h2>14. Restri\u00e7\u00f5es de exporta\u00e7\u00e3o \/ Conformidade legal<\/h2><p>\u00c9 proibido o acesso ao site a partir de territ\u00f3rios ou pa\u00edses onde o conte\u00fado ou a compra dos produtos ou servi\u00e7os vendidos no site \u00e9 ilegal. pode usar este site de voc\u00ea n\u00e3o \u00e0s leis e regulamentos de exporta\u00e7\u00e3o.<\/p><h2>15. Cess\u00e3o<\/h2><p>Voc\u00ea n\u00e3o pode ceder, transferir ou subcontratar quaisquer de seus direitos e\/ou cumprir sob estes Termos e Condi\u00e7\u00f5es, no todo ou em parte, um terceiro sem nosso consentimento pr\u00e9vio por escrito. A cess\u00e3o alegada nunca poder\u00e1 afetar esta Se\u00e7\u00e3o.<\/p><h2>16. Viola\u00e7\u00f5es a estes Termos e Condi\u00e7\u00f5es<\/h2><p>Sem problemas de nossos Termos e Condi\u00e7\u00f5es, se violam outros Termos e Condi\u00e7\u00f5es de quaisquer outros termos estes termos e condi\u00e7\u00f5es de quaisquer outros termos que possam ser considerados como medidas apropriadas para voc\u00ea lidar com a possibilidade de seu acesso, incluindo a possibilidade de alterar estes Termos e Condi\u00e7\u00f5es de qualquer site, sob a forma de termos permanentes, que podem ser estudados em contato com seu provedor de servi\u00e7os de internet para solicitar o bloqueio de seu acesso ao site e\/ou iniciar uma a\u00e7\u00e3o legal contra voc\u00ea.<\/p><h2>17. For\u00e7a maior<\/h2><p>Exceto pelas obriga\u00e7\u00f5es de pagar nos termos, atraso, falha ou omiss\u00e3o por qualquer uma das partes ou observar qualquer uma de suas regras aqui cumpridas ser\u00e1 considerada uma condi\u00e7\u00e3o de acordo com nenhum termos e condi\u00e7\u00f5es de cumprimento, enquanto tal atraso, falha ou a altera\u00e7\u00e3o ser\u00e1 considerada como uma data de atraso, falha ou avaria. omiss\u00e3o surgir de qualquer causa al\u00e9m do controle diferente.<\/p><h2>18. Indeniza\u00e7\u00e3o<\/h2><p>Voc\u00ea concorda em indenizar, defender e nos isentar de responsabilidade, de e contra todas as pessoas e direitos a sua responsabilidade, danos, conclus\u00f5es e despesas relacionadas com seus termos e condi\u00e7\u00f5es de propriedade e direitos de privacidade intelectual. Voc\u00ea nos reembolsar\u00e1 e cuidar\u00e1 de nossas despesas, preju\u00edzos ou preju\u00edzos causados.<\/p><h2>19. Cancelamento<\/h2><p>O cumprimento de qualquer um dos dispositivos n\u00e3o determinados nestes Termos e Condi\u00e7\u00f5es e em qualquer dos termos e condi\u00e7\u00f5es n\u00e3o devem ser interpretados como ren\u00fancia de tais dispositivos e condi\u00e7\u00f5es ou de acordo com estes dispositivos e condi\u00e7\u00f5es ou de Contrato ou n\u00e3o qualquer parte dele ou o direito posterior de cumprir todas as disposi\u00e7\u00f5es.<\/p><h2>20. Idioma<\/h2><p>Estes Termos e Condi\u00e7\u00f5es ser\u00e3o interpretados e concebidos exclusivamente em Ingl\u00eas.&nbsp;Todas as notifica\u00e7\u00f5es e correspond\u00eancias ser\u00e3o redigidas exclusivamente neste idioma.<\/p><h2>21. Entendimento integral<\/h2><p>Estes Termos e Condi\u00e7\u00f5es, junto com nossa <a href=\"\">pol\u00edtica de privacidade<\/a> e <a href=\"https:\/\/proskillsglobal.com\/cookie-policy-eu\/\">pol\u00edtica de cookies<\/a>, construa o entendimento integral entre voc\u00ea e ProSkills IT &amp; Training Services em rela\u00e7\u00e3o ao uso deste site.<\/p><h2>22. Atualiza\u00e7\u00e3o destes Termos e Condi\u00e7\u00f5es<\/h2><p>Podemos atualizar Termos e Condi\u00e7\u00f5es de tempos em tempos. \u00c9 sua obriga\u00e7\u00e3o verificar periodicamente estes Termos e Condi\u00e7\u00f5es em busca de altera\u00e7\u00f5es ou atualiza\u00e7\u00f5es. A data fornecida no in\u00edcio destes Termos e Condi\u00e7\u00f5es \u00e9 a data de revis\u00e3o mais recente. Como altera\u00e7\u00f5es a estes Termos e Condi\u00e7\u00f5es em vigor ap\u00f3s tais altera\u00e7\u00f5es a serem publicadas neste site. Seu uso continuado site ap\u00f3s a publica\u00e7\u00e3o de altera\u00e7\u00f5es ou atualiza\u00e7\u00f5es ser\u00e1 considerado um aviso de sua aceita\u00e7\u00e3o em cumprir e ser regido por estes Termos e Condi\u00e7\u00f5es.<\/p><h2>Legisla\u00e7\u00e3o aplic\u00e1vel e nacional 3.<\/h2><p>Estes Termos e Condi\u00e7\u00f5es ser\u00e3o regidos pelas leis do Egito. disputas relacionadas a estes Termos e condi\u00e7\u00f5es do pa\u00eds. A nossa disposi\u00e7\u00e3o pode ser considerada como permitida, permitida e\/ou aplicada na extens\u00e3o permitida de modo a efeito \u00e0 inten\u00e7\u00e3o. estes Termos e Condi\u00e7\u00f5es. As demais disposi\u00e7\u00f5es n\u00e3o s\u00e3o consideradas.<\/p><h2>24. Informa\u00e7\u00f5es de Contato<\/h2><p>Este site pertence e \u00e9 operado por ProSkills IT &amp; Training Services.<\/p><p>Voc\u00ea pode entrar em contato conosco sobre estes Termos e Condi\u00e7\u00f5es escrevendo ou enviando um e-mail para o seguinte endere\u00e7o: <span class=\"cmplz-obfuscate\">mo&#x63;&#046;la&#x62;o&#x6c;&#x67;sl&#108;ikso&#x72;p&#064;narhaZ&#046;&#x72;e&#x73;s&#097;N<\/span><br>81 Abu Dawood Elzaheri St., NBE Building, Nasr City, Cairo, Egito. <\/p><h2>25. Baixar<\/h2><p>Voc\u00ea tamb\u00e9m pode <a href=\"https:\/\/proskillsglobal.com\/wp-content\/plugins\/complianz-terms-conditions\/download.php\">download<\/a> nossos Termos e Condi\u00e7\u00f5es em PDF.<\/p><\/div>","protected":false},"excerpt":{"rendered":"","protected":false},"author":1,"featured_media":0,"parent":0,"menu_order":0,"comment_status":"closed","ping_status":"closed","template":"","meta":{"footnotes":""},"_links":{"self":[{"href":"https:\/\/proskillsglobal.com\/pt\/wp-json\/wp\/v2\/pages\/16253"}],"collection":[{"href":"https:\/\/proskillsglobal.com\/pt\/wp-json\/wp\/v2\/pages"}],"about":[{"href":"https:\/\/proskillsglobal.com\/pt\/wp-json\/wp\/v2\/types\/page"}],"author":[{"embeddable":true,"href":"https:\/\/proskillsglobal.com\/pt\/wp-json\/wp\/v2\/users\/1"}],"replies":[{"embeddable":true,"href":"https:\/\/proskillsglobal.com\/pt\/wp-json\/wp\/v2\/comments?post=16253"}],"version-history":[{"count":1,"href":"https:\/\/proskillsglobal.com\/pt\/wp-json\/wp\/v2\/pages\/16253\/revisions"}],"predecessor-version":[{"id":16254,"href":"https:\/\/proskillsglobal.com\/pt\/wp-json\/wp\/v2\/pages\/16253\/revisions\/16254"}],"wp:attachment":[{"href":"https:\/\/proskillsglobal.com\/pt\/wp-json\/wp\/v2\/media?parent=16253"}],"curies":[{"name":"wp","href":"https:\/\/api.w.org\/{rel}","templated":true}]}}