{"id":16259,"date":"2021-10-07T11:48:59","date_gmt":"2021-10-07T11:48:59","guid":{"rendered":"https:\/\/proskillsglobal.com\/?page_id=16259"},"modified":"2021-10-07T11:53:16","modified_gmt":"2021-10-07T11:53:16","slug":"business-code-of-conduct","status":"publish","type":"page","link":"https:\/\/proskillsglobal.com\/pt\/business-code-of-conduct\/","title":{"rendered":"C\u00f3digo de Conduta Empresarial"},"content":{"rendered":"<div data-elementor-type=\"wp-page\" data-elementor-id=\"16259\" class=\"elementor elementor-16259\">\n\t\t\t\t\t\t\t\t\t<section class=\"elementor-section elementor-top-section elementor-element elementor-element-a6b96a5 elementor-section-boxed elementor-section-height-default elementor-section-height-default qodef-elementor-content-no\" data-id=\"a6b96a5\" data-element_type=\"section\">\n\t\t\t\t\t\t<div class=\"elementor-container elementor-column-gap-default\">\n\t\t\t\t\t<div class=\"elementor-column elementor-col-100 elementor-top-column elementor-element elementor-element-c344ca0\" data-id=\"c344ca0\" data-element_type=\"column\">\n\t\t\t<div class=\"elementor-widget-wrap elementor-element-populated\">\n\t\t\t\t\t\t\t\t<div class=\"elementor-element elementor-element-a059138 elementor-widget elementor-widget-text-editor\" data-id=\"a059138\" data-element_type=\"widget\" data-widget_type=\"text-editor.default\">\n\t\t\t\t<div class=\"elementor-widget-container\">\n\t\t\t<style>\/*! elementor - v3.15.0 - 20-08-2023 *\/\n.elementor-widget-text-editor.elementor-drop-cap-view-stacked .elementor-drop-cap{background-color:#69727d;color:#fff}.elementor-widget-text-editor.elementor-drop-cap-view-framed .elementor-drop-cap{color:#69727d;border:3px solid;background-color:transparent}.elementor-widget-text-editor:not(.elementor-drop-cap-view-default) .elementor-drop-cap{margin-top:8px}.elementor-widget-text-editor:not(.elementor-drop-cap-view-default) .elementor-drop-cap-letter{width:1em;height:1em}.elementor-widget-text-editor .elementor-drop-cap{float:left;text-align:center;line-height:1;font-size:50px}.elementor-widget-text-editor .elementor-drop-cap-letter{display:inline-block}<\/style>\t\t\t\t<h3><strong>C\u00f3digo de \u00c9tica e Conduta Empresarial<\/strong><\/h3><p><strong>\u00a0<\/strong><\/p><h4><strong>Introdu\u00e7\u00e3o<\/strong><\/h4><p>Este C\u00f3digo de \u00c9tica e Conduta Empresarial (\u201cC\u00f3digo\u201d) \u00e9 aplic\u00e1vel a todos os funcion\u00e1rios<\/p><p>da ProSkills, independentemente de onde eles est\u00e3o fazendo neg\u00f3cios. Servi\u00e7os de TI e treinamento da ProSkills<\/p><p>exige que todos os funcion\u00e1rios cumpram todas as leis e regulamentos aplic\u00e1veis e este C\u00f3digo.<\/p><p>Todos os funcion\u00e1rios da ProSkills tamb\u00e9m devem certificar-se de que todos os nossos parceiros de neg\u00f3cios, revendedores,<\/p><p>os clientes est\u00e3o cientes do nosso C\u00f3digo de \u00c9tica e Conduta Empresarial.\u00a0<\/p><p>Conformidade com leis, regulamentos e pr\u00e1ticas de neg\u00f3cios significa n\u00e3o apenas observar as<\/p><p>lei, mas tamb\u00e9m conduzindo neg\u00f3cios corporativos de uma forma que reconhe\u00e7a nossa \u00e9tica<\/p><p>responsabilidades e as cumpre.<\/p><p><strong>\u00a0<\/strong><\/p><h4><strong>Leis antitruste e de concorr\u00eancia<\/strong><\/h4><p>Temos o compromisso de observar as leis antitruste ou de concorr\u00eancia aplic\u00e1veis<\/p><p>de todos os pa\u00edses em que temos opera\u00e7\u00f5es. N\u00f3s, da ProSkills, percebemos que essas leis buscam<\/p><p>proteger o processo competitivo para que os consumidores recebam os benef\u00edcios da concorr\u00eancia.<\/p><p>A conformidade com as leis antitruste ou de concorr\u00eancia \u00e9 necess\u00e1ria em todos os momentos.<\/p><p>Portanto, o funcion\u00e1rio da ProSkills n\u00e3o deve concordar com nenhum concorrente para (i) corrigir ou controlar<\/p><p>pre\u00e7os, seja acordando diretamente com um concorrente ou qualquer outro m\u00e9todo, como<\/p><p>atrav\u00e9s de terceiros; (ii) estruturar ou orquestrar licita\u00e7\u00f5es para dirigir um contrato<\/p><p>a um determinado concorrente ou revendedor (manipula\u00e7\u00e3o de licita\u00e7\u00f5es), incluindo a absten\u00e7\u00e3o de<\/p><p>licita\u00e7\u00f5es ou apresenta\u00e7\u00e3o de lances n\u00e3o competitivos ou \u201ccortesia\u201d; (iii) boicotar fornecedores<\/p><p>ou clientes; (iv) dividir ou alocar mercados ou clientes; ou (v) limitar o<\/p><p>produ\u00e7\u00e3o ou venda de produtos ou linhas de produtos. N\u00f3s nos abstemos de<\/p><p>discuss\u00f5es proibidas com concorrentes sobre pre\u00e7os, custos, lucros ou margens de lucro,<\/p><p>volumes de produ\u00e7\u00e3o ou licita\u00e7\u00f5es, ou cota\u00e7\u00f5es para o neg\u00f3cio de um cliente espec\u00edfico.<\/p><h4><strong>Pagamentos impr\u00f3prios, lavagem de dinheiro e boicotes econ\u00f4micos<\/strong><\/h4><p>A ProSkills n\u00e3o pode oferecer ou pagar subornos. Os funcion\u00e1rios da ProSkills est\u00e3o proibidos de oferecer,<\/p><p>prometer, autorizar, dirigir, pagar, fazer ou receber quaisquer subornos, propinas ou<\/p><p>pagamentos em dinheiro ou qualquer coisa de valor (direta ou indiretamente) para obter indevidamente<\/p><p>neg\u00f3cios ou qualquer outra vantagem para a ProSkills seus funcion\u00e1rios.<\/p><p>A ProSkills tamb\u00e9m pro\u00edbe todas as formas de lavagem de dinheiro, o que envolve disfar\u00e7ar, \u00a0<\/p><p>canalizar dinheiro obtido ilegalmente ou transformar esse dinheiro em dinheiro leg\u00edtimo<\/p><p>fundos.<\/p><p>A proibi\u00e7\u00e3o acima se aplica a:<\/p><ul><li>Governo e setor p\u00fablico, que inclui servi\u00e7os p\u00fablicos, ensino superior, entidades p\u00fablicas de sa\u00fade e organiza\u00e7\u00f5es p\u00fablicas internacionais e seus funcion\u00e1rios ou funcion\u00e1rios<\/li><li>Partidos pol\u00edticos ou candidatos a cargos pol\u00edticos<\/li><li>Entidades comerciais de propriedade parcial ou total ou controladas por interesses do governo (muitas vezes referidas como empresas estatais) e seus funcion\u00e1rios ou funcion\u00e1rios<\/li><li>Empresas comerciais de capital fechado e seus funcion\u00e1rios<\/li><li>Funcion\u00e1rios de fornecedores (como Oracle)<\/li><li>Qualquer outro terceiro<\/li><\/ul><p>N\u00f3s da ProSkills proibimos dar dinheiro ou qualquer coisa de valor direta ou indiretamente a um<\/p><p>funcion\u00e1rio do governo ou funcion\u00e1rio de uma empresa estatal, ou ao c\u00f4njuge,<\/p><p>outro significativo, filho ou outro parente de tal pessoa, para fins<\/p><p>de influenciar ou recompensar uma a\u00e7\u00e3o ou decis\u00e3o do governo ou<\/p><p>funcion\u00e1rio ou funcion\u00e1rio do setor ou para obter qualquer vantagem impr\u00f3pria para a ProSkills.<\/p><p>\u201cQualquer coisa de valor\u201d pretende ser amplo e abrange n\u00e3o apenas dinheiro,<\/p><p>mas tamb\u00e9m presentes, entretenimento pr\u00f3digo ou excessivo, financiamento de viagens pessoais<\/p><p>como passeios tur\u00edsticos, contribui\u00e7\u00f5es para caridade e oportunidades de emprego.<\/p><p>A ProSkills tamb\u00e9m pro\u00edbe pagamentos de facilita\u00e7\u00e3o ou facilita\u00e7\u00e3o, que s\u00e3o pagamentos<\/p><p>a um funcion\u00e1rio para acelerar ou agilizar a\u00e7\u00f5es governamentais de rotina, incluindo<\/p><p>processamento e aprova\u00e7\u00e3o de pedidos e licen\u00e7as.<\/p><p><strong>Lidando com o governo<\/strong><\/p><p>Observamos rigorosamente as leis, regras e regulamentos que regem a aquisi\u00e7\u00e3o de mercadorias<\/p><p>e servi\u00e7os por qualquer entidade governamental de qualquer pa\u00eds e o desempenho de<\/p><p>contratos governamentais.<\/p><p>Se lidarmos com qualquer entidade governamental, incluindo organiza\u00e7\u00f5es internacionais p\u00fablicas,<\/p><p>certificamo-nos de conhecer e cumprir todas as regras que se aplicam \u00e0 contrata\u00e7\u00e3o governamental<\/p><p>e intera\u00e7\u00f5es com funcion\u00e1rios e funcion\u00e1rios do governo ou do setor p\u00fablico, incluindo<\/p><p>mas n\u00e3o limitado ao seguinte:<\/p><ul><li>N\u00e3o devemos tentar obter, direta ou indiretamente, de qualquer fonte,<\/li><\/ul><p>informa\u00e7\u00f5es confidenciais de aquisi\u00e7\u00e3o que n\u00e3o est\u00e3o dispon\u00edveis publicamente ou de outra forma autorizadas<\/p><p>para divulga\u00e7\u00e3o pelo governo; informa\u00e7\u00f5es governamentais internas confidenciais, como<\/p><p>pr\u00e9-adjudica\u00e7\u00e3o, informa\u00e7\u00f5es de sele\u00e7\u00e3o de fonte; ou qualquer informa\u00e7\u00e3o propriet\u00e1ria de um concorrente,<\/p><p>incluindo, por exemplo, informa\u00e7\u00f5es sobre ofertas ou propostas, durante o curso de uma aquisi\u00e7\u00e3o<\/p><p>ou em quaisquer outras circunst\u00e2ncias em que haja motivos para acreditar que a libera\u00e7\u00e3o de tais<\/p><p>informa\u00e7\u00e3o n\u00e3o \u00e9 autorizada.<\/p><ul><li>Devemos garantir a apresenta\u00e7\u00e3o de faturas precisas ao governo<\/li><\/ul><p>e cumprir todas as leis relativas a faturamento e pagamentos.<\/p><ul><li>N\u00e3o devemos dar ou oferecer, direta ou indiretamente, qualquer gratifica\u00e7\u00e3o,<\/li><\/ul><p>presente, favor, entretenimento, empr\u00e9stimo ou qualquer coisa de valor monet\u00e1rio a qualquer<\/p><p>funcion\u00e1rio ou funcion\u00e1rio do governo ou do setor p\u00fablico, exceto conforme possa ser<\/p><p>permitido pela lei aplic\u00e1vel.<\/p><ul><li>N\u00e3o devemos fornecer, tentar fornecer, oferecer ou solicitar propina,<\/li><\/ul><p>direta ou indiretamente, para obter ou recompensar tratamento favor\u00e1vel em rela\u00e7\u00e3o<\/p><p>com qualquer transa\u00e7\u00e3o.<\/p><ul><li>N\u00e3o devemos pagar ou firmar qualquer acordo para pagar, direta ou indiretamente, um<\/li><\/ul><p>taxa contingente a qualquer parte para fins de obten\u00e7\u00e3o de um governo<\/p><p>contrato ou influenciar a a\u00e7\u00e3o do governo.<\/p><p><strong>Lobby de funcion\u00e1rios do governo<\/strong><\/p><p>Todos os funcion\u00e1rios da ProSkills s\u00e3o respons\u00e1veis por entender quando suas atividades podem<\/p><p>legalmente considerado lobby em uma determinada jurisdi\u00e7\u00e3o e para cumprir todas as<\/p><p>leis aplic\u00e1veis.<\/p><p><strong>Cortesias de neg\u00f3cios que podem ser estendidas<\/strong><\/p><p>Todos os funcion\u00e1rios da ProSkills usam discri\u00e7\u00e3o e cuidado para garantir que as despesas com<\/p><p>clientes ou representantes s\u00e3o razo\u00e1veis, comuns e adequados. Eles tamb\u00e9m garantem<\/p><p>que as despesas n\u00e3o podem ser razoavelmente interpretadas como suborno ou<\/p><p>tentar garantir um tratamento preferencial injusto ou violar as leis e<\/p><p>regulamentos.<\/p><h4><strong>Cortesias de neg\u00f3cios que podem ser recebidas<\/strong><\/h4><p>Todos os funcion\u00e1rios da ProSkills s\u00e3o respons\u00e1veis por garantir que a aceita\u00e7\u00e3o de qualquer<\/p><p>cortesias, presentes ou entretenimento \u00e9 apropriado e n\u00e3o pode ser razoavelmente interpretado como<\/p><p>uma tentativa da parte ofertante de garantir tratamento favor\u00e1vel ou de outra forma violar<\/p><p>leis e regulamentos aplic\u00e1veis.<\/p><h4><strong>Integridade Financeira<\/strong><\/h4><p>A ProSkills documenta com precis\u00e3o todas as transa\u00e7\u00f5es relacionadas ao nosso contrato com<\/p><p>nossos fornecedores (como a Oracle) e formul\u00e1rios de pedidos relevantes em nossos livros financeiros, registros,<\/p><p>declara\u00e7\u00f5es e relat\u00f3rios, e outros documentos fornecidos aos fornecedores e evitar<\/p><p>acordos paralelos, sejam verbais ou escritos. O manuseio e desembolso de fundos<\/p><p>relacionadas \u00e0s transa\u00e7\u00f5es comerciais dos fornecedores devem estar de acordo com um documento devidamente autorizado<\/p><p>contrato escrito (ou via e-mail) com procedimentos claramente definidos. Os documentos n\u00e3o devem<\/p><p>ser alterados ou assinados de forma inadequada por aqueles que n\u00e3o possuem a devida autoridade. N\u00e3o<\/p><p>fundo ou ativo n\u00e3o divulgado ou n\u00e3o registrado relacionado a qualquer transa\u00e7\u00e3o pode<\/p><p>ser estabelecido ou mantido para qualquer finalidade.<\/p><p>Nossos livros, registros e demonstrativos financeiros documentam adequadamente todos os ativos e passivos<\/p><p>e refletem com precis\u00e3o todas as transa\u00e7\u00f5es da empresa relacionadas aos produtos dos fornecedores<\/p><p>e servi\u00e7os. Nossos registros de neg\u00f3cios s\u00e3o retidos de acordo com a reten\u00e7\u00e3o de registros<\/p><p>pol\u00edticas e todas as leis e regulamentos aplic\u00e1veis. Estabelecemos e mantemos internamente<\/p><p>controles financeiros e outros que garantem que nossas transa\u00e7\u00f5es sejam executadas e nossos \u00a0<\/p><p>despesas est\u00e3o de acordo com a(s) autoriza\u00e7\u00e3o(\u00f5es) apropriada(s), e que n\u00f3s<\/p><p>gastar dinheiro de forma respons\u00e1vel e adequada.<\/p><p>Todas as solicita\u00e7\u00f5es de aprova\u00e7\u00e3o para descontos fora do padr\u00e3o devem ser precisas e comercialmente<\/p><p>justificado. Qualquer desconto ou benef\u00edcio aprovado \u00e9 usado apenas para o prop\u00f3sito divulgado e<\/p><p>autorizado. Estruturar uma transa\u00e7\u00e3o para criar margem adicional que ser\u00e1 utilizada para<\/p><p>qualquer prop\u00f3sito n\u00e3o divulgado ou n\u00e3o aprovado nunca \u00e9 permitido, incluindo pagar ou \u00a0<\/p><p>de outra forma recompensar um cliente, funcion\u00e1rio ou outro terceiro.<\/p><h4><strong>Propriedade Intelectual e Obriga\u00e7\u00f5es de Confidencialidade<\/strong><\/h4><p>A ProSkills respeita os direitos de propriedade intelectual de terceiros<\/p><p>A propriedade intelectual dos fornecedores, informa\u00e7\u00f5es confidenciais, tecnologia patenteada,<\/p><p>documenta\u00e7\u00e3o ou outros materiais n\u00e3o devem ser usados sem permiss\u00e3o por escrito ou<\/p><p>fora do escopo do trabalho realizado para o fornecedor.<\/p><p>Al\u00e9m disso, o software protegido por direitos autorais n\u00e3o \u00e9 reproduzido na ProSkills. No decorrer das<\/p><p>trabalhando com ou para o fornecedor (como a Oracle), n\u00e3o usamos informa\u00e7\u00f5es propriet\u00e1rias,<\/p><p>tecnologia patenteada ou software protegido por direitos autorais, documenta\u00e7\u00e3o ou outros materiais de<\/p><p>terceiros sem autoriza\u00e7\u00e3o.<\/p><p>Observamos os padr\u00f5es de privacidade de dados aplic\u00e1veis. Materiais que cont\u00eam informa\u00e7\u00f5es confidenciais<\/p><p>informa\u00e7\u00f5es ou que s\u00e3o protegidas por padr\u00f5es de privacidade devem ser armazenadas de forma segura e<\/p><p>compartilhado apenas internamente com os funcion\u00e1rios em uma base de necessidade de conhecimento.<\/p><p>As informa\u00e7\u00f5es confidenciais podem incluir, mas n\u00e3o se limitam a: c\u00f3digo-fonte, software<\/p><p>e outras inven\u00e7\u00f5es ou desenvolvimentos (independentemente do est\u00e1gio de desenvolvimento)<\/p><p>criados ou licenciados por ou para o fornecedor, planos de marketing e vendas,<\/p><p>an\u00e1lises, planos de desenvolvimento de produtos, pre\u00e7os n\u00e3o p\u00fablicos, contratos potenciais<\/p><p>ou aquisi\u00e7\u00f5es, planos ou previs\u00f5es de neg\u00f3cios e financeiros, neg\u00f3cios internos<\/p><p>processos e pr\u00e1ticas, e informa\u00e7\u00f5es de prospects, clientes e funcion\u00e1rios.<\/p><h4><strong>Leis e regulamentos de conformidade comercial<\/strong><\/h4><p>A ProSkills est\u00e1 em total conformidade com todas as leis e regulamentos comerciais globais aplic\u00e1veis.<\/p><h4><strong>Conflitos de interesse<\/strong><\/h4><p>A fidelidade da ProSkills est\u00e1 livre de quaisquer conflitos de interesse. \u00a0<\/p><h4><strong>Contrata\u00e7\u00e3o<\/strong><\/h4><p>A ProSkills e seus funcion\u00e1rios desejam competir de forma justa e \u00e9tica por<\/p><p>todas as oportunidades de neg\u00f3cios. Garantimos que todas as declara\u00e7\u00f5es, comunica\u00e7\u00f5es e<\/p><p>as representa\u00e7\u00f5es aos clientes s\u00e3o precisas e verdadeiras no que se refere aos fornecedores.<\/p><h4><strong>Publicidade e Marketing<\/strong><\/h4><p>Proibimos m\u00e9todos desleais de concorr\u00eancia e pr\u00e1ticas enganosas.<\/p><p>Exemplos disso incluem fazer declara\u00e7\u00f5es falsas ou enganosas sobre o<\/p><p>produtos ou servi\u00e7os, depreciando falsamente um concorrente ou seus produtos ou servi\u00e7os, tornando<\/p><p>reivindica\u00e7\u00f5es de produtos ou servi\u00e7os sem fatos que as comprovem, ou usando outro<\/p><p>marcas da empresa de forma que confunda o cliente quanto \u00e0 origem do<\/p><p>produto ou servi\u00e7o.<\/p><h4><strong>Rela\u00e7\u00f5es de Neg\u00f3cios e Emprego<\/strong><\/h4><p>A ProSkills afirma o princ\u00edpio da igualdade de oportunidades de emprego e neg\u00f3cios<\/p><p>sem levar em conta qualquer caracter\u00edstica protegida, incluindo, mas n\u00e3o se limitando a:<\/p><p>ra\u00e7a, credo religioso, nacionalidade, cor, sexo ou g\u00eanero, identidade de g\u00eanero ou<\/p><p>express\u00e3o, idade, defici\u00eancia mental ou f\u00edsica, condi\u00e7\u00e3o mental, gravidez,<\/p><p>estado civil, nacionalidade\/ascend\u00eancia, informa\u00e7\u00e3o gen\u00e9tica, filia\u00e7\u00e3o pol\u00edtica,<\/p><p>status militar e de veterano protegido, orienta\u00e7\u00e3o sexual ou qualquer outro<\/p><p>caracter\u00edstica protegida por lei federal ou estadual ou decreto local. Pol\u00edtica ProSkills<\/p><p>pro\u00edbe o ass\u00e9dio de qualquer forma e praticamos e promovemos um ambiente de trabalho<\/p><p>livre de ass\u00e9dio, conforme apropriado de acordo com as leis locais.<\/p><h4><strong>Direitos Humanos dos Trabalhadores<\/strong><\/h4><p>A ProSkills defende os direitos humanos dos trabalhadores e os trata com dignidade e respeito.<\/p><p>Cumprimento de pr\u00e1ticas trabalhistas justas e antiescravid\u00e3o que permitem a livre escolha<\/p><p>\u00e9 assegurado o emprego, o que inclui a proibi\u00e7\u00e3o do trabalho infantil, tr\u00e1fico de pessoas,<\/p><p>e escravid\u00e3o. Al\u00e9m disso, a ades\u00e3o \u00e0s leis trabalhistas e trabalhistas aplic\u00e1veis<\/p><p>padr\u00f5es tamb\u00e9m \u00e9 garantido.<\/p><p>Abuso f\u00edsico, ass\u00e9dio sexual ou outro e discrimina\u00e7\u00e3o com base<\/p><p>de ra\u00e7a, credo religioso, casta, origem\/ascend\u00eancia nacional, informa\u00e7\u00e3o gen\u00e9tica,<\/p><p>status de militar e veterano protegido, religi\u00e3o, idade, defici\u00eancia, g\u00eanero, g\u00eanero<\/p><p>identidade ou express\u00e3o, gravidez, estado civil, orienta\u00e7\u00e3o sexual, uni\u00e3o<\/p><p>associa\u00e7\u00e3o, afilia\u00e7\u00e3o pol\u00edtica ou qualquer outra caracter\u00edstica protegida por<\/p><p>lei aplic\u00e1vel ou decreto local \u00e9 estritamente proibido na ProSkills.<\/p><h4><strong>Meio ambiente, Sa\u00fade e Seguran\u00e7a<\/strong><\/h4><p>A ProSkills reconhece sua responsabilidade social de proteger o meio ambiente.<\/p><p>Garantimos o cumprimento de todas as leis e regulamentos ambientais aplic\u00e1veis<\/p><p>e espera-se que trabalhem para reduzir o consumo de recursos, incluindo mat\u00e9rias-primas<\/p><p>materiais, energia e \u00e1gua, em todos os aspectos do ciclo de vida do produto ou servi\u00e7o.<\/p><p>Incentivamos nossos funcion\u00e1rios a reduzir ou eliminar res\u00edduos de todos os tipos,<\/p><p>implementando medidas de conserva\u00e7\u00e3o apropriadas em nossas instala\u00e7\u00f5es e reciclando,<\/p><p>usando ou substituindo materiais.<\/p><p>A sa\u00fade, a seguran\u00e7a e o bem-estar dos trabalhadores tamb\u00e9m s\u00e3o importantes para a ProSkills. N\u00f3s fornecemos e<\/p><p>manter um ambiente de trabalho seguro e saud\u00e1vel e cumprir integralmente todas as<\/p><p>leis, regulamentos e pr\u00e1ticas de seguran\u00e7a e sa\u00fade, ao mesmo tempo em que minimiza a<\/p><p>carga ambiental de nossas opera\u00e7\u00f5es e produtos sobre o meio ambiente.<\/p><p>Tamb\u00e9m s\u00e3o tomadas medidas adequadas para minimizar as causas dos perigos inerentes ao<\/p><p>ambiente de trabalho, prevenir acidentes e les\u00f5es no local de trabalho e promover seguran\u00e7a e<\/p><p>locais de trabalho saud\u00e1veis.<\/p><h4><strong>Dever de Cooperar<\/strong><\/h4><p>Temos o compromisso de cooperar com as solicita\u00e7\u00f5es peri\u00f3dicas dos fornecedores (como a Oracle)<\/p><p>para documentos e\/ou informa\u00e7\u00f5es feitas em conex\u00e3o com a integra\u00e7\u00e3o do ProSkills e<\/p><p>processos de due diligence.<\/p><p>Al\u00e9m disso, a ProSkills se compromete a cooperar com qualquer solicita\u00e7\u00e3o de auditoria feita<\/p><p>pelo fornecedor conforme exigido pelo Contrato de Parceria do fornecedor (por exemplo, Oracle<\/p><p>PartnerNetwork Agreement) ou qualquer Contrato de Distribui\u00e7\u00e3o.<\/p>\t\t\t\t\t\t<\/div>\n\t\t\t\t<\/div>\n\t\t\t\t\t<\/div>\n\t\t<\/div>\n\t\t\t\t\t\t\t<\/div>\n\t\t<\/section>\n\t\t\t\t\t\t\t<\/div>","protected":false},"excerpt":{"rendered":"<p>Code of Ethics and Business Conduct \u00a0 Introduction This Code of Ethics and Business Conduct (\u201cCode\u201d) is applicable to all employees of ProSkills, regardless of where they are doing business. ProSkills IT &amp; Training Services requires that all employees comply with all applicable laws, regulations, and this Code. All employees of ProSkills must also make [&hellip;]<\/p>","protected":false},"author":1,"featured_media":0,"parent":0,"menu_order":0,"comment_status":"closed","ping_status":"closed","template":"","meta":{"footnotes":""},"_links":{"self":[{"href":"https:\/\/proskillsglobal.com\/pt\/wp-json\/wp\/v2\/pages\/16259"}],"collection":[{"href":"https:\/\/proskillsglobal.com\/pt\/wp-json\/wp\/v2\/pages"}],"about":[{"href":"https:\/\/proskillsglobal.com\/pt\/wp-json\/wp\/v2\/types\/page"}],"author":[{"embeddable":true,"href":"https:\/\/proskillsglobal.com\/pt\/wp-json\/wp\/v2\/users\/1"}],"replies":[{"embeddable":true,"href":"https:\/\/proskillsglobal.com\/pt\/wp-json\/wp\/v2\/comments?post=16259"}],"version-history":[{"count":5,"href":"https:\/\/proskillsglobal.com\/pt\/wp-json\/wp\/v2\/pages\/16259\/revisions"}],"predecessor-version":[{"id":16266,"href":"https:\/\/proskillsglobal.com\/pt\/wp-json\/wp\/v2\/pages\/16259\/revisions\/16266"}],"wp:attachment":[{"href":"https:\/\/proskillsglobal.com\/pt\/wp-json\/wp\/v2\/media?parent=16259"}],"curies":[{"name":"wp","href":"https:\/\/api.w.org\/{rel}","templated":true}]}}