{"id":16253,"date":"2021-10-07T11:43:33","date_gmt":"2021-10-07T11:43:33","guid":{"rendered":"https:\/\/proskillsglobal.com\/terms-conditions\/"},"modified":"2021-10-07T11:43:36","modified_gmt":"2021-10-07T11:43:36","slug":"terms-conditions","status":"publish","type":"page","link":"https:\/\/proskillsglobal.com\/tr\/terms-conditions\/","title":{"rendered":"\u015eartlar ve ko\u015fullar"},"content":{"rendered":"<!-- This legal document was generated by Complianz Terms &amp; Conditions https:\/\/wordpress.org\/plugins\/complianz-terms-conditions -->\n<div id=\"cmplz-document\" class=\"cmplz-document cmplz-terms-conditions\"><p><i>The Terms and Conditions were last updated on Ekim 7, 2021<\/i><\/p><h2>1. Giri\u015f<\/h2><p>Bu H\u00fck\u00fcm ve ko\u015fullar, bu web sitesi ve \u00fcr\u00fcnlerimiz ve hizmetlerimizle ilgili i\u015flemler i\u00e7in ge\u00e7erlidir. Bizimle olan ili\u015fkinize veya bizden ald\u0131\u011f\u0131n\u0131z herhangi bir \u00fcr\u00fcn veya hizmete ili\u015fkin ek s\u00f6zle\u015fmelere ba\u011fl\u0131 olabilirsiniz. Ek s\u00f6zle\u015fmelerin herhangi bir h\u00fckm\u00fc bu Ko\u015fullar\u0131n herhangi bir h\u00fckm\u00fcyle \u00e7eli\u015firse, bu ek s\u00f6zle\u015fmelerin h\u00fck\u00fcmleri ge\u00e7erli olacak ve ge\u00e7erli olacakt\u0131r.<\/p><h2>2. Ba\u011flama<\/h2><p>Bu web sitesine kaydolarak, bu web sitesine eri\u015ferek veya ba\u015fka bir \u015fekilde kullanarak, a\u015fa\u011f\u0131da belirtilen bu H\u00fck\u00fcm ve ko\u015fullara ba\u011fl\u0131 kalmay\u0131 kabul edersiniz. Bu web sitesinin yaln\u0131zca kullan\u0131m\u0131, bu H\u00fck\u00fcm ve ko\u015fullar\u0131n bilinmesi ve kabul edilmesi anlam\u0131na gelir. Baz\u0131 \u00f6zel durumlarda, sizden a\u00e7\u0131k\u00e7a kabul etmenizi de isteyebiliriz.<\/p><h2>3. Elektronik ileti\u015fim<\/h2><p>Bu web sitesini kullanarak veya bizimle elektronik yollarla ileti\u015fim kurarak, sizinle web sitemizde elektronik olarak veya size bir e-posta g\u00f6ndererek ileti\u015fim kurabilece\u011fimizi kabul ve beyan etmektesiniz ve yapt\u0131\u011f\u0131m\u0131z t\u00fcm s\u00f6zle\u015fmeleri, bildirimleri, if\u015falar\u0131 ve di\u011fer ileti\u015fimleri kabul etmektesiniz. bu t\u00fcr ileti\u015fimlerin yaz\u0131l\u0131 olmas\u0131 gereklili\u011fi dahil ancak bununla s\u0131n\u0131rl\u0131 olmamak \u00fczere, herhangi bir yasal gereklili\u011fi size elektronik olarak yerine getirmek.<\/p><h2>4. Fikri m\u00fclkiyet<\/h2><p>Web sitesindeki t\u00fcm telif hakk\u0131 ve di\u011fer fikri m\u00fclkiyet haklar\u0131 ve web sitesi taraf\u0131ndan g\u00f6r\u00fcnt\u00fclenen veya web sitesinde eri\u015filebilen veriler, bilgiler ve di\u011fer kaynaklar biz veya lisans verenlerimiz taraf\u0131ndan kontrol edilmektedir.<\/p><p class=\"cmplz-subtitle\">4.1 T\u00fcm haklar\u0131 sakl\u0131d\u0131r<\/p><p>Belirli i\u00e7erik aksini gerektirmedik\u00e7e, Telif Hakk\u0131, Ticari Marka, Patent veya di\u011fer Fikri M\u00fclkiyet Haklar\u0131 kapsam\u0131nda size bir lisans veya ba\u015fka bir hak verilmez. Bu, bu web sitesindeki hi\u00e7bir kayna\u011f\u0131 kullanmayaca\u011f\u0131n\u0131z, kopyalamayaca\u011f\u0131n\u0131z, \u00e7o\u011faltmayaca\u011f\u0131n\u0131z, ger\u00e7ekle\u015ftirmeyece\u011finiz, g\u00f6r\u00fcnt\u00fclemeyece\u011finiz, da\u011f\u0131tmayaca\u011f\u0131n\u0131z, herhangi bir elektronik ortama g\u00f6mmeyece\u011finiz, de\u011fi\u015ftirmeyece\u011finiz, tersine m\u00fchendislik yapmayaca\u011f\u0131n\u0131z, kaynak koda d\u00f6n\u00fc\u015ft\u00fcrmeyece\u011finiz, kaynak koda d\u00f6n\u00fc\u015ft\u00fcrmeyece\u011finiz, transfer etmeyece\u011finiz, indirmeyece\u011finiz, iletmeyece\u011finiz, para kazanmayaca\u011f\u0131n\u0131z, satmayaca\u011f\u0131n\u0131z, pazarlamayaca\u011f\u0131n\u0131z veya ticarile\u015ftirmeyece\u011finiz anlam\u0131na gelir. herhangi bir bi\u00e7imde, \u00f6nceden yaz\u0131l\u0131 iznimiz olmaks\u0131z\u0131n, ancak ve ancak emredici yasalar\u0131n d\u00fczenlemelerinde aksi belirtilmedi\u011fi s\u00fcrece (al\u0131nt\u0131 hakk\u0131 gibi).<\/p><h2>5. B\u00fclten<\/h2><p>Yukar\u0131dakilere bak\u0131lmaks\u0131z\u0131n, haber b\u00fcltenimizi elektronik formda web sitemizi ziyaret etmek isteyebilecek di\u011fer ki\u015filere iletebilirsiniz.<\/p><h2>6. \u00dc\u00e7\u00fcnc\u00fc \u015fah\u0131s m\u00fclkiyeti<\/h2><p>Web sitemiz, di\u011fer taraflar\u0131n web sitelerine k\u00f6pr\u00fcler veya ba\u015fka referanslar i\u00e7erebilir. Bu web sitesinden ba\u011flant\u0131 verilen di\u011fer taraflar\u0131n web sitelerinin i\u00e7eri\u011fini izlemiyoruz veya incelemiyoruz. Di\u011fer web siteleri taraf\u0131ndan sunulan \u00fcr\u00fcnler veya hizmetler, s\u00f6z konusu \u00fc\u00e7\u00fcnc\u00fc taraflar\u0131n ge\u00e7erli H\u00fck\u00fcm ve Ko\u015fullar\u0131na tabi olacakt\u0131r. Bu web sitelerinde ifade edilen g\u00f6r\u00fc\u015fler veya materyal, taraf\u0131m\u0131zca mutlaka payla\u015f\u0131lmaz veya onaylanmaz.<\/p><p>Bu sitelerin herhangi bir gizlilik uygulamas\u0131ndan veya i\u00e7eri\u011finden sorumlu olmayaca\u011f\u0131z. Bu web sitelerinin ve ilgili \u00fc\u00e7\u00fcnc\u00fc taraf hizmetlerinin kullan\u0131m\u0131yla ilgili t\u00fcm riskleri \u00fcstlenirsiniz. Hangi \u015fekilde olursa olsun, ki\u015fisel bilgilerinizin \u00fc\u00e7\u00fcnc\u00fc \u015fah\u0131slara if\u015fa edilmesinden kaynaklanan herhangi bir kay\u0131p veya hasar i\u00e7in herhangi bir sorumluluk kabul etmeyece\u011fiz.<\/p><h2>7. Sorumlu kullan\u0131m<\/h2><p>Web sitemizi ziyaret ederek, onu yaln\u0131zca bu Ko\u015fullar, bizimle yap\u0131lan ek s\u00f6zle\u015fmeler ve ge\u00e7erli yasalar, d\u00fczenlemeler ve genel kabul g\u00f6rm\u00fc\u015f \u00e7evrimi\u00e7i uygulamalar ve end\u00fcstri y\u00f6nergeleri taraf\u0131ndan ama\u00e7lanan ve izin verilen ama\u00e7lar i\u00e7in kullanmay\u0131 kabul edersiniz. Web sitemizi veya hizmetlerimizi, k\u00f6t\u00fc ama\u00e7l\u0131 bilgisayar yaz\u0131l\u0131mlar\u0131ndan olu\u015fan (veya bunlarla ba\u011flant\u0131l\u0131) herhangi bir materyali kullanmak, yay\u0131nlamak veya da\u011f\u0131tmak i\u00e7in kullanmamal\u0131s\u0131n\u0131z; Web sitemizden toplanan verileri herhangi bir do\u011frudan pazarlama faaliyeti i\u00e7in kullanmak veya web sitemiz \u00fczerinde veya web sitemizle ilgili herhangi bir sistematik veya otomatik veri toplama faaliyeti y\u00fcr\u00fctmek.<\/p><p>Web sitesine zarar veren veya zarar verebilecek veya web sitesinin performans\u0131n\u0131, kullan\u0131labilirli\u011fini veya eri\u015filebilirli\u011fini engelleyen herhangi bir faaliyette bulunmak kesinlikle yasakt\u0131r.<\/p><p>To exercise the right of withdrawal, you must inform us of your decision to withdraw from this contract by an unequivocal statement (for example a letter sent by post, fax, or email).&nbsp;Our contact details can be found below.&nbsp;You may use the attached model <a href=\"https:\/\/proskillsglobal.com\/wp-content\/uploads\/custom-withdrawal-form.pdf\">withdrawal form<\/a>, but it is not obligatory.<\/p><h2>8. Sizin taraf\u0131n\u0131zdan yay\u0131nlanan i\u00e7erik<\/h2><p>Web sitemizde blog yorumlar\u0131, blog g\u00f6nderileri, forumlar, mesaj panolar\u0131, derecelendirmeler ve incelemeler ve \u00e7e\u015fitli sosyal medya hizmetleri gibi \u00e7e\u015fitli a\u00e7\u0131k ileti\u015fim ara\u00e7lar\u0131 sa\u011flayabiliriz. Sizin veya ba\u015fkalar\u0131n\u0131n web sitemizde veya web sitemizde payla\u015fabilece\u011fi veya g\u00f6nderebilece\u011fi t\u00fcm i\u00e7eri\u011fi taramam\u0131z veya izlememiz m\u00fcmk\u00fcn olmayabilir. Ancak, tamamen kendi takdirimize ba\u011fl\u0131 olarak i\u00e7eri\u011fi inceleme ve web sitemizdeki t\u00fcm kullan\u0131mlar\u0131 ve etkinlikleri izleme ve herhangi bir i\u00e7eri\u011fi kald\u0131rma veya reddetme hakk\u0131n\u0131 sakl\u0131 tutar\u0131z. Bilgi g\u00f6ndererek veya belirtildi\u011fi gibi herhangi bir a\u00e7\u0131k ileti\u015fim arac\u0131n\u0131 kullanarak, i\u00e7eri\u011finizin bu H\u00fck\u00fcm ve Ko\u015fullara uygun olaca\u011f\u0131n\u0131 ve yasa d\u0131\u015f\u0131 veya yasa d\u0131\u015f\u0131 olmamas\u0131 veya herhangi bir ki\u015finin yasal haklar\u0131n\u0131 ihlal etmemesi gerekti\u011fini kabul edersiniz.<\/p><h2>9. Fikir teslimi<\/h2><p>Fikri m\u00fclkiyete ili\u015fkin bir anla\u015fma veya gizlilik anla\u015fmas\u0131 imzalamad\u0131\u011f\u0131m\u0131z s\u00fcrece, bize sunmak istedi\u011finiz herhangi bir fikri, bulu\u015fu, yazarl\u0131k \u00e7al\u0131\u015fmas\u0131n\u0131 veya kendi fikri m\u00fclkiyetiniz olarak kabul edilebilecek di\u011fer bilgileri sunmay\u0131n. B\u00f6yle bir yaz\u0131l\u0131 anla\u015fma olmaks\u0131z\u0131n bize if\u015fa ederseniz, i\u00e7eri\u011finizi mevcut veya gelecekteki herhangi bir medyada kullanmak, \u00e7o\u011faltmak, depolamak, uyarlamak, yay\u0131nlamak, terc\u00fcme etmek ve da\u011f\u0131tmak i\u00e7in bize d\u00fcnya \u00e7ap\u0131nda, geri al\u0131namaz, m\u00fcnhas\u0131r olmayan, telifsiz bir lisans vermi\u015f olursunuz. .<\/p><h2>10. Kullan\u0131ma son verme<\/h2><p>Tamamen kendi takdirimize ba\u011fl\u0131 olarak, herhangi bir zamanda web sitesine veya web sitesindeki herhangi bir Hizmete ge\u00e7ici veya kal\u0131c\u0131 olarak eri\u015fimi de\u011fi\u015ftirebilir veya sonland\u0131rabiliriz. Web sitesine veya web sitesinde payla\u015fm\u0131\u015f olabilece\u011finiz herhangi bir i\u00e7eri\u011fe eri\u015fiminizin veya kullan\u0131m\u0131n\u0131z\u0131n bu t\u00fcr herhangi bir \u015fekilde de\u011fi\u015ftirilmesi, ask\u0131ya al\u0131nmas\u0131 veya durdurulmas\u0131 nedeniyle size veya herhangi bir \u00fc\u00e7\u00fcnc\u00fc tarafa kar\u015f\u0131 sorumlu olmayaca\u011f\u0131m\u0131z\u0131 kabul edersiniz. Katk\u0131da bulundu\u011funuz veya g\u00fcvendi\u011finiz belirli \u00f6zellikler, ayarlar ve\/veya herhangi bir \u0130\u00e7erik kal\u0131c\u0131 olarak kaybolsa bile, herhangi bir tazminat veya ba\u015fka bir \u00f6deme alma hakk\u0131n\u0131z olmayacakt\u0131r. Web sitemizdeki herhangi bir eri\u015fim k\u0131s\u0131tlama \u00f6nlemini atlamamal\u0131 veya atlamamal\u0131 veya atlatmaya veya atlama giri\u015fiminde bulunmamal\u0131s\u0131n\u0131z.<\/p><h2>11. Garantiler ve sorumluluk<\/h2><p>Bu b\u00f6l\u00fcmdeki hi\u00e7bir \u015fey, s\u0131n\u0131rlaman\u0131n veya hari\u00e7 tutman\u0131n yasa d\u0131\u015f\u0131 olaca\u011f\u0131 kanunla ima edilen herhangi bir garantiyi s\u0131n\u0131rlamaz veya hari\u00e7 tutmaz. Bu web sitesi ve web sitesindeki t\u00fcm i\u00e7erik \u201coldu\u011fu gibi\u201d ve \u201cmevcut oldu\u011fu \u015fekilde\u201d sa\u011flanmaktad\u0131r ve yanl\u0131\u015fl\u0131klar veya yaz\u0131m hatalar\u0131 i\u00e7erebilir. \u0130\u00e7eri\u011fin mevcudiyeti, do\u011frulu\u011fu veya eksiksizli\u011fi ile ilgili a\u00e7\u0131k veya z\u0131mni her t\u00fcrl\u00fc garantiyi a\u00e7\u0131k\u00e7a reddediyoruz. \u015eunlar\u0131 garanti etmiyoruz:<\/p><p><ul>\n                    <li>bu web sitesi veya i\u00e7eri\u011fimiz gereksinimlerinizi kar\u015f\u0131layacakt\u0131r;<\/li>\n                    <li>bu web sitesi kesintisiz, zaman\u0131nda, g\u00fcvenli veya hatas\u0131z olarak sunulacakt\u0131r.<\/li>\n        <\/ul><\/p><p>Bu web sitesindeki hi\u00e7bir \u015fey, herhangi bir t\u00fcrde yasal, finansal veya t\u0131bbi tavsiye te\u015fkil etmez veya te\u015fkil etmez. Tavsiyeye ihtiyac\u0131n\u0131z varsa, uygun bir uzmana dan\u0131\u015fmal\u0131s\u0131n\u0131z.<\/p><p>Bu b\u00f6l\u00fcm\u00fcn a\u015fa\u011f\u0131daki h\u00fck\u00fcmleri, y\u00fcr\u00fcrl\u00fckteki yasalar\u0131n izin verdi\u011fi azami \u00f6l\u00e7\u00fcde ge\u00e7erli olacak ve sorumlulu\u011fumuzu s\u0131n\u0131rlaman\u0131n veya hari\u00e7 tutman\u0131n bizim i\u00e7in yasa d\u0131\u015f\u0131 veya yasa d\u0131\u015f\u0131 olaca\u011f\u0131 herhangi bir konuda sorumlulu\u011fumuzu s\u0131n\u0131rlamayacak veya hari\u00e7 tutmayacakt\u0131r. Hi\u00e7bir durumda, sizin veya herhangi bir \u00fc\u00e7\u00fcnc\u00fc ki\u015finin maruz kald\u0131\u011f\u0131 herhangi bir do\u011frudan veya dolayl\u0131 zarardan (kar veya gelir kayb\u0131, veri, yaz\u0131l\u0131m veya veritaban\u0131 kayb\u0131 veya bozulmas\u0131 veya m\u00fclk veya veri kayb\u0131 veya zarar\u0131 dahil) sorumlu olmayaca\u011f\u0131z. Web sitemize eri\u015fiminizden veya web sitemizi kullanman\u0131zdan kaynaklanan taraf.<\/p><p>Herhangi bir ek s\u00f6zle\u015fmede aksi a\u00e7\u0131k\u00e7a belirtilmedik\u00e7e, sorumluluk gerektiren yasal i\u015flem \u015fekli ne olursa olsun, web sitesi veya web sitesi arac\u0131l\u0131\u011f\u0131yla pazarlanan veya sat\u0131lan herhangi bir \u00fcr\u00fcn ve hizmetten kaynaklanan veya bunlarla ilgili t\u00fcm zararlar i\u00e7in size kar\u015f\u0131 azami sorumlulu\u011fumuz ( s\u00f6zle\u015fme, hakkaniyet, ihmal, kas\u0131tl\u0131 davran\u0131\u015f, haks\u0131z fiil veya ba\u015fka t\u00fcrl\u00fc) s\u00f6z konusu \u00fcr\u00fcnleri veya hizmetleri sat\u0131n almak veya web sitesini kullanmak i\u00e7in bize \u00f6dedi\u011finiz toplam fiyatla s\u0131n\u0131rl\u0131 olacakt\u0131r. Bu limit, her t\u00fcr ve nitelikteki t\u00fcm iddialar\u0131n\u0131z, eylemleriniz ve dava nedenleriniz i\u00e7in toplu olarak ge\u00e7erli olacakt\u0131r.<\/p><h2>12. Gizlilik<\/h2><p>Web sitemize ve\/veya hizmetlerimize eri\u015fmek i\u00e7in kay\u0131t s\u00fcrecinin bir par\u00e7as\u0131 olarak kendinizle ilgili belirli bilgileri vermeniz gerekebilir. Verdi\u011finiz bilgilerin her zaman do\u011fru, do\u011fru ve g\u00fcncel olaca\u011f\u0131n\u0131 kabul etmektesiniz.<\/p><p>Sahip olabilece\u011finiz gizlilik endi\u015felerini gidermek i\u00e7in bir politika geli\u015ftirdik. Daha fazla bilgi i\u00e7in l\u00fctfen <a href=\"\">Gizlilik Bildirimi<\/a> ve bizim <a href=\"https:\/\/proskillsglobal.com\/cookie-policy-eu\/\">\u00c7erez politikas\u0131<\/a>.<\/p><h2>13. Eri\u015filebilirlik<\/h2><p>Sa\u011flad\u0131\u011f\u0131m\u0131z i\u00e7eri\u011fi engelli bireyler i\u00e7in eri\u015filebilir hale getirmeye kararl\u0131y\u0131z. Bir engeliniz varsa ve engeliniz nedeniyle web sitemizin herhangi bir b\u00f6l\u00fcm\u00fcne eri\u015femiyorsan\u0131z, kar\u015f\u0131la\u015ft\u0131\u011f\u0131n\u0131z sorunun ayr\u0131nt\u0131l\u0131 bir a\u00e7\u0131klamas\u0131n\u0131 i\u00e7eren bir bildirimde bulunman\u0131z\u0131 rica ediyoruz. Sorun, end\u00fcstri standard\u0131 bilgi teknolojisi ara\u00e7lar\u0131na ve tekniklerine g\u00f6re kolayca tan\u0131mlanabilir ve \u00e7\u00f6z\u00fclebilirse, sorunu derhal \u00e7\u00f6zece\u011fiz.<\/p><h2>14. \u0130hracat k\u0131s\u0131tlamalar\u0131 \/ Yasal uyumluluk<\/h2><p>Web sitesinde sat\u0131lan \u0130\u00e7eri\u011fin veya \u00fcr\u00fcnlerin veya Hizmetlerin sat\u0131n al\u0131nmas\u0131n\u0131n yasa d\u0131\u015f\u0131 oldu\u011fu b\u00f6lgelerden veya \u00fclkelerden web sitesine eri\u015fim yasakt\u0131r. Bu web sitesini M\u0131s\u0131r&#039;\u0131n ihracat yasalar\u0131n\u0131 ve d\u00fczenlemelerini ihlal edecek \u015fekilde kullanamazs\u0131n\u0131z.<\/p><h2>15. Atama<\/h2><p>Bu H\u00fck\u00fcm ve Ko\u015fullar kapsam\u0131ndaki haklar\u0131n\u0131z\u0131 ve\/veya y\u00fck\u00fcml\u00fcl\u00fcklerinizi k\u0131smen veya tamamen, \u00f6nceden yaz\u0131l\u0131 onay\u0131m\u0131z olmaks\u0131z\u0131n herhangi bir \u00fc\u00e7\u00fcnc\u00fc \u015fahsa devredemez, devredemez veya alt y\u00fckleniciye veremezsiniz. Bu B\u00f6l\u00fcm\u00fc ihlal eden herhangi bir iddia edilen atama ge\u00e7ersiz ve h\u00fck\u00fcms\u00fcz olacakt\u0131r.<\/p><h2>16. Bu H\u00fck\u00fcm ve Ko\u015fullar\u0131n \u0130hlalleri<\/h2><p>Bu H\u00fck\u00fcm ve Ko\u015fullar kapsam\u0131ndaki di\u011fer haklar\u0131m\u0131za halel gelmeksizin, bu H\u00fck\u00fcm ve Ko\u015fullar\u0131 herhangi bir \u015fekilde ihlal ederseniz, web sitesine eri\u015fiminizi ge\u00e7ici veya kal\u0131c\u0131 olarak ask\u0131ya almak, ileti\u015fim kurmak dahil olmak \u00fczere ihlalle ilgilenmek i\u00e7in uygun g\u00f6rd\u00fc\u011f\u00fcm\u00fcz herhangi bir eylemi yapabiliriz. \u0130nternet servis sa\u011flay\u0131c\u0131n\u0131z\u0131n web sitesine eri\u015fiminizi engellemesini ve\/veya hakk\u0131n\u0131zda yasal i\u015flem ba\u015flatmas\u0131n\u0131 talep etmesi.<\/p><h2>17. M\u00fccbir sebep<\/h2><p>\u0130\u015fbu S\u00f6zle\u015fme kapsam\u0131ndaki para \u00f6deme y\u00fck\u00fcml\u00fcl\u00fckleri haricinde, taraflardan herhangi birinin bu S\u00f6zle\u015fme kapsam\u0131ndaki y\u00fck\u00fcml\u00fcl\u00fcklerini yerine getirmemesi veya bunlara uymamas\u0131 veya bunlara uymamas\u0131, s\u00f6z konusu gecikme, ba\u015far\u0131s\u0131zl\u0131k veya ihmal, o taraf\u0131n makul kontrol\u00fc d\u0131\u015f\u0131ndaki herhangi bir nedenden kaynaklan\u0131r.<\/p><h2>18. Tazminat<\/h2><p>Bu H\u00fck\u00fcm ve ko\u015fullar\u0131 ve fikri m\u00fclkiyet haklar\u0131 ve gizlilik haklar\u0131 da dahil olmak \u00fczere y\u00fcr\u00fcrl\u00fckteki yasalar\u0131 ihlal etmenizle ilgili her t\u00fcrl\u00fc iddia, y\u00fck\u00fcml\u00fcl\u00fck, zarar, kay\u0131p ve masrafa kar\u015f\u0131 bizi tazmin etmeyi, savunmay\u0131 ve zarar g\u00f6rmemesini sa\u011flamay\u0131 kabul etmektesiniz. Bu t\u00fcr taleplerle ilgili veya bunlardan kaynaklanan zararlar\u0131m\u0131z\u0131, kay\u0131plar\u0131m\u0131z\u0131, maliyetlerimizi ve harcamalar\u0131m\u0131z\u0131 bize derhal tazmin edeceksiniz.<\/p><h2>19. Feragat<\/h2><p>Bu H\u00fck\u00fcm ve Ko\u015fullarda ve herhangi bir Anla\u015fmada belirtilen h\u00fck\u00fcmlerden herhangi birinin uygulanmamas\u0131 veya herhangi bir fesih se\u00e7ene\u011finin kullan\u0131lmamas\u0131, bu h\u00fck\u00fcmlerden feragat edildi\u011fi \u015feklinde yorumlanmayacak ve bu H\u00fck\u00fcm ve Ko\u015fullar\u0131n veya herhangi bir S\u00f6zle\u015fmenin ge\u00e7erlili\u011fini etkilemeyecektir. S\u00f6zle\u015fme veya herhangi bir k\u0131sm\u0131 veya bundan sonra her bir h\u00fckm\u00fc uygulama hakk\u0131.<\/p><h2>20. Dil<\/h2><p>These Terms and Conditions will be interpreted and construed exclusively in English.&nbsp;All notices and correspondence will be written exclusively in that language.<\/p><h2>21. S\u00f6zle\u015fmenin tamam\u0131<\/h2><p>Bu H\u00fck\u00fcm ve Ko\u015fullar, bizim <a href=\"\">gizlilik bildirimi<\/a> ve <a href=\"https:\/\/proskillsglobal.com\/cookie-policy-eu\/\">\u00e7erez politikas\u0131<\/a>, bu web sitesini kullan\u0131m\u0131n\u0131zla ilgili olarak sizinle ProSkills IT &amp; Training Services aras\u0131ndaki anla\u015fman\u0131n tamam\u0131n\u0131 olu\u015fturur.<\/p><h2>22. Bu H\u00fck\u00fcm ve Ko\u015fullar\u0131n G\u00fcncellenmesi<\/h2><p>Bu H\u00fck\u00fcm ve Ko\u015fullar\u0131 zaman zaman g\u00fcncelleyebiliriz. De\u011fi\u015fiklikler veya g\u00fcncellemeler i\u00e7in bu H\u00fck\u00fcm ve Ko\u015fullar\u0131 periyodik olarak kontrol etmek sizin y\u00fck\u00fcml\u00fcl\u00fc\u011f\u00fcn\u00fczd\u00fcr. Bu H\u00fck\u00fcm ve Ko\u015fullar\u0131n ba\u015f\u0131nda verilen tarih, en son revizyon tarihidir. Bu H\u00fck\u00fcm ve Ko\u015fullarda yap\u0131lan de\u011fi\u015fiklikler, bu t\u00fcr de\u011fi\u015fikliklerin bu web sitesinde yay\u0131nlanmas\u0131yla y\u00fcr\u00fcrl\u00fc\u011fe girecektir. De\u011fi\u015fikliklerin veya g\u00fcncellemelerin yay\u0131nlanmas\u0131n\u0131n ard\u0131ndan bu web sitesini kullanmaya devam etmeniz, bu H\u00fck\u00fcm ve Ko\u015fullara uymay\u0131 ve bunlara ba\u011fl\u0131 kalmay\u0131 kabul etti\u011finizin bildirimi olarak kabul edilecektir.<\/p><h2>23. Hukuk Se\u00e7imi ve Yarg\u0131 Yetkisi<\/h2><p>Bu H\u00fck\u00fcm ve Ko\u015fullar, M\u0131s\u0131r yasalar\u0131na tabi olacakt\u0131r. Bu H\u00fck\u00fcm ve Ko\u015fullarla ilgili herhangi bir anla\u015fmazl\u0131k, M\u0131s\u0131r mahkemelerinin yarg\u0131 yetkisine tabi olacakt\u0131r. Bu H\u00fck\u00fcm ve Ko\u015fullar\u0131n herhangi bir b\u00f6l\u00fcm\u00fcn\u00fcn veya h\u00fckm\u00fcn\u00fcn bir mahkeme veya ba\u015fka bir makam taraf\u0131ndan ge\u00e7ersiz ve\/veya y\u00fcr\u00fcrl\u00fckteki yasalara g\u00f6re uygulanamaz oldu\u011fu tespit edilirse, s\u00f6z konusu k\u0131s\u0131m veya h\u00fck\u00fcm, izin verilen azami \u00f6l\u00e7\u00fcde de\u011fi\u015ftirilecek, silinecek ve\/veya uygulanacakt\u0131r. bu H\u00fck\u00fcm ve Ko\u015fullar\u0131n amac\u0131n\u0131 y\u00fcr\u00fcrl\u00fc\u011fe koymak. Di\u011fer h\u00fck\u00fcmler etkilenmeyecektir.<\/p><h2>24. \u0130leti\u015fim bilgileri<\/h2><p>Bu web sitesi ProSkills IT &amp; Training Services&#039;e aittir ve onun taraf\u0131ndan i\u015fletilmektedir.<\/p><p>Bu H\u00fck\u00fcm ve Ko\u015fullar ile ilgili olarak a\u015fa\u011f\u0131daki adrese yazarak veya e-posta g\u00f6ndererek bizimle ileti\u015fime ge\u00e7ebilirsiniz: <span class=\"cmplz-obfuscate\">m&#x6f;&#099;&#x2e;la&#x62;&#111;lgsl&#x6c;&#105;kso&#114;&#x70;&#x40;na&#x72;haZ&#x2e;re&#x73;saN<\/span><br>81 Abu Dawood Elzaheri St., NBE Building, Nasr City, Kahire, M\u0131s\u0131r. <\/p><h2>25. \u0130ndir<\/h2><p>Ayr\u0131ca <a href=\"https:\/\/proskillsglobal.com\/wp-content\/plugins\/complianz-terms-conditions\/download.php\">indirmek<\/a> \u015eartlar ve Ko\u015fullar\u0131m\u0131z PDF olarak.<\/p><\/div>","protected":false},"excerpt":{"rendered":"","protected":false},"author":1,"featured_media":0,"parent":0,"menu_order":0,"comment_status":"closed","ping_status":"closed","template":"","meta":{"footnotes":""},"_links":{"self":[{"href":"https:\/\/proskillsglobal.com\/tr\/wp-json\/wp\/v2\/pages\/16253"}],"collection":[{"href":"https:\/\/proskillsglobal.com\/tr\/wp-json\/wp\/v2\/pages"}],"about":[{"href":"https:\/\/proskillsglobal.com\/tr\/wp-json\/wp\/v2\/types\/page"}],"author":[{"embeddable":true,"href":"https:\/\/proskillsglobal.com\/tr\/wp-json\/wp\/v2\/users\/1"}],"replies":[{"embeddable":true,"href":"https:\/\/proskillsglobal.com\/tr\/wp-json\/wp\/v2\/comments?post=16253"}],"version-history":[{"count":1,"href":"https:\/\/proskillsglobal.com\/tr\/wp-json\/wp\/v2\/pages\/16253\/revisions"}],"predecessor-version":[{"id":16254,"href":"https:\/\/proskillsglobal.com\/tr\/wp-json\/wp\/v2\/pages\/16253\/revisions\/16254"}],"wp:attachment":[{"href":"https:\/\/proskillsglobal.com\/tr\/wp-json\/wp\/v2\/media?parent=16253"}],"curies":[{"name":"wp","href":"https:\/\/api.w.org\/{rel}","templated":true}]}}